{"id":18222,"date":"2022-10-09T13:50:04","date_gmt":"2022-10-09T11:50:04","guid":{"rendered":"https:\/\/psicoterapeutabarcelona.es\/accesibilidad\/"},"modified":"2023-12-29T11:58:31","modified_gmt":"2023-12-29T10:58:31","slug":"accesibilidad","status":"publish","type":"page","link":"https:\/\/psicoterapeutabarcelona.es\/ca\/accesibilidad\/","title":{"rendered":"Accessibilitat"},"content":{"rendered":"<div class=\"fusion-fullwidth fullwidth-box fusion-builder-row-1 fusion-flex-container nonhundred-percent-fullwidth non-hundred-percent-height-scrolling\" style=\"--awb-border-radius-top-left:0px;--awb-border-radius-top-right:0px;--awb-border-radius-bottom-right:0px;--awb-border-radius-bottom-left:0px;--awb-flex-wrap:wrap;\" ><div class=\"fusion-builder-row fusion-row fusion-flex-align-items-flex-start fusion-flex-content-wrap\" style=\"max-width:1144px;margin-left: calc(-4% \/ 2 );margin-right: calc(-4% \/ 2 );\"><div class=\"fusion-layout-column fusion_builder_column fusion-builder-column-0 fusion_builder_column_1_1 1_1 fusion-flex-column\" style=\"--awb-bg-size:cover;--awb-width-large:100%;--awb-margin-top-large:0px;--awb-spacing-right-large:1.92%;--awb-margin-bottom-large:0px;--awb-spacing-left-large:1.92%;--awb-width-medium:100%;--awb-spacing-right-medium:1.92%;--awb-spacing-left-medium:1.92%;--awb-width-small:100%;--awb-spacing-right-small:1.92%;--awb-spacing-left-small:1.92%;\"><div class=\"fusion-column-wrapper fusion-flex-justify-content-flex-start fusion-content-layout-column\"><div class=\"fusion-text fusion-text-1\"><h2>Declaraci\u00f3 d&#8217;Accessibilitat<\/h2>\n<p>psicoterapeutabarcelona s&#8217;ha comprom\u00e8s a fer accessibles el seu lloc web complint el Nivell AA segons la Norma UNE 301549:2020 (WCAG 2.1), que al seu torn es basa en les Directrius d&#8217;Accessibilitat per al Contingut Web 2.0 del W3C.<\/p>\n<p>La present declaraci\u00f3 d&#8217;accessibilitat s&#8217;aplica al lloc web https:\/\/psicoterapeutabarcelona.es<\/p>\n<p>Per aquestes raons en el lloc web s&#8217;han adoptat una s\u00e8rie de mesures amb l&#8217;objectiu de garantir l&#8217;accessibilitat dels continguts, amb la finalitat de:<\/p>\n<p>Facilitar l&#8217;acc\u00e9s dels usuaris independentment de les seves capacitats o del seu entorn.<br \/>\nPermetre l&#8217;acc\u00e9s amb diferents agents d&#8217;usuari.<br \/>\nIncloure continguts clars i ben estructurats.<br \/>\nMillorar la navegaci\u00f3 i l&#8217;experi\u00e8ncia de l&#8217;usuari.<\/p>\n<h3>Mesures adoptades<\/h3>\n<p>S&#8217;han adoptat les seg\u00fcents mesures:<\/p>\n<p>Separaci\u00f3 de contingut i presentaci\u00f3: \u00das de fulles d&#8217;estil (CSS) per a la presentaci\u00f3 de la informaci\u00f3 i de codi HTML per a la seva correcta estructuraci\u00f3. La maquetaci\u00f3 s&#8217;adapta correctament als agents d&#8217;usuari m\u00e9s estesos i la grand\u00e0ria de les fonts s&#8217;ha definit en mesures relatives per a permetre el seu redimensionament.<br \/>\nAlternativa a elements no textuals: Per a qualsevol element no textual s&#8217;han incl\u00f2s les alternatives necess\u00e0ries de manera que cap usuari trobi barreres d&#8217;acc\u00e9s als continguts.<br \/>\nMecanismes de navegaci\u00f3 adequats: Els enlla\u00e7os ofereixen detalls de la funci\u00f3 o dest\u00ed de l&#8217;enlla\u00e7. S&#8217;ofereixen mecanismes d&#8217;interacci\u00f3 que faciliten a l&#8217;usuari la localitzaci\u00f3 d&#8217;informaci\u00f3 i l&#8217;orientaci\u00f3 a trav\u00e9s del lloc.<br \/>\nOcupaci\u00f3 correcta dels est\u00e0ndards: Els documents del web s&#8217;han constru\u00eft sobre la base de les especificacions del W3C, l&#8217;organisme que marca els est\u00e0ndards internacionals que s&#8217;han d&#8217;usar en la web. Els documents s\u00f3n v\u00e0lids i ofereixen el marcat adequat per a cada tipologia de contingut.<br \/>\nObjectes programats: No s&#8217;empren objectes programats per a presentar la informaci\u00f3 ni oferir funcionalitats importants. Aix\u00f2 permet navegar pel lloc independentment de les tecnologies disponibles en l&#8217;agent d&#8217;usuari.<br \/>\n\u201cAccessibilitat dels pdf\u00b4s: Uns certs pdf\u00b4s publicats en la nostra web, no disposen d&#8217;una estructura accessible a causa d&#8217;impossibilitats t\u00e8cniques. En tal cas i, si existeix necessitat, poden escriure a la nostra secci\u00f3 de contacte i sol\u00b7licitar-nos el document\u201d.<br \/>\nContacte<br \/>\nQualsevol queixa, consulta o suggeriment de millora sobre l&#8217;accessibilitat del web es podr\u00e0 canalitzar a trav\u00e9s de qualsevol dels mitjans disponibles en la secci\u00f3 de contacte del web.<\/p>\n<h3>Situaci\u00f3 de compliment<\/h3>\n<p>Aquest lloc web \u00e9s <strong>parcialment conforme<\/strong> amb el Reial decret 1112\/2018, de 7 de setembre, a causa de la falta de conformitat dels aspectes que s&#8217;indiquen a continuaci\u00f3.<\/p>\n<h3>Contingut no accessible<\/h3>\n<p>El contingut que es recull a continuaci\u00f3 no \u00e9s accessible pel seg\u00fcent:<\/p>\n<p>A causa de l&#8217;\u00fas d&#8217;un gestor de continguts que no pot garantir que els diferents usuaris que editen els continguts compleixin totes les normes d&#8217;accessibilitat, no es pot garantir que tots els continguts siguin conformes amb les WCAG 2.1. En qualsevol cas, tenim el comprom\u00eds de solucionar aquests possibles problemes que ens siguin notificats.<\/p>\n<p>C\u00e0rrega desproporcionada: No resulta aplicable.<\/p>\n<p>El contingut no entra dins de l&#8217;\u00e0mbit de la legislaci\u00f3 aplicable<\/p>\n<p>Arxius ofim\u00e0tics en PDF o altres formats, aix\u00ed com aplicacions publicades abans del 20 de setembre de 2018 que no compleixin \u00edntegrament tots els requisits d&#8217;accessibilitat.<\/p>\n<p>Continguts multim\u00e8dia en directe.<\/p>\n<p>Contingut multim\u00e8dia pregravat de base temporal o publicat abans de l&#8217;entrada en vigor del Reial decret.<\/p>\n<p>Serveis de mapa i cartografia en l\u00ednia<\/p>\n<p>Continguts de tercers no finan\u00e7ats ni desenvolupats per psicoterapeutabarcelona<\/p>\n<h3>Preparaci\u00f3 de la present declaraci\u00f3 d&#8217;accessibilitat<\/h3>\n<p>La present declaraci\u00f3 va ser preparada el 01 octubre de 2022<\/p>\n<p>El m\u00e8tode emprat per a preparar la declaraci\u00f3 ha estat mitjan\u00e7ant una autoevaluacion del lloc web per part de psicoterapeutabarcelona i t\u00e8cnics del departament de desenvolupament web a trav\u00e9s d&#8217;an\u00e0lisis manuals de l&#8217;accessibilitat, complementats a trav\u00e9s de diferents eines semiautom\u00e0tiques, agents d&#8217;usuari i ajudes t\u00e8cniques.<\/p>\n<h3>Observacions i dades de contacte<\/h3>\n<p>Pot realitzar comunicacions sobre requisits d&#8217;accessibilitat (article 10.2.a) del Reial decret 1112\/2018, de 7 de setembre) com, per exemple:<\/p>\n<p>Informar sobre qualsevol possible incompliment per part d&#8217;aquest lloc web.<\/p>\n<p>Transmetre altres dificultats d&#8217;acc\u00e9s al contingut.<\/p>\n<p>Formular qualsevol altra consulta o suggeriment de millora relativa a l&#8217;accessibilitat del lloc web.<\/p>\n<p>A trav\u00e9s de les seg\u00fcents vies:<\/p>\n<p>A trav\u00e9s del formulari de suggeriments que psicoterapeutabarcelona posa a la seva disposici\u00f3.<\/p>\n<p>Correu electr\u00f2nic: info@psicoterapeutabarcelona.es<\/p>\n<p>Presencialment en les oficines de psicoterapeutabarcelona.<\/p>\n<p>Les comunicacions seran rebudes i tractades per la Unitat responsable d&#8217;accessibilitat de la web depsicoterapeutabarcelona , com a unitat responsable de l&#8217;accessibilitat dels continguts d&#8217;aquest lloc web.<\/p>\n<h3>Sol\u00b7licituds d&#8217;informaci\u00f3 accessible i queixes<\/h3>\n<p>Les sol\u00b7licituds d&#8217;informaci\u00f3 accessible i queixes seran presentades a trav\u00e9s de:<\/p>\n<p>A trav\u00e9s del formulari de suggeriments que psicoterapeutabarcelona posa a la seva disposici\u00f3.<\/p>\n<p>Correu electr\u00f2nic: info@psicoterapeutabarcelona.es<\/p>\n<\/div><\/div><\/div><\/div><\/div>\n","protected":false},"excerpt":{"rendered":"","protected":false},"author":1,"featured_media":0,"parent":0,"menu_order":0,"comment_status":"closed","ping_status":"closed","template":"","meta":{"footnotes":""},"class_list":["post-18222","page","type-page","status-publish","hentry"],"yoast_head":"<!-- This site is optimized with the Yoast SEO plugin v27.6 - https:\/\/yoast.com\/product\/yoast-seo-wordpress\/ -->\n<title>Psicoterapeuta Barcelona - Accessibilitat -<\/title>\n<meta name=\"description\" content=\"Psicoterapeuta Barcelona - Accessibilitat -\" \/>\n<meta name=\"robots\" content=\"index, follow, max-snippet:-1, max-image-preview:large, max-video-preview:-1\" \/>\n<link rel=\"canonical\" href=\"https:\/\/psicoterapeutabarcelona.es\/ca\/accesibilidad\/\" \/>\n<meta property=\"og:locale\" content=\"ca_ES\" \/>\n<meta property=\"og:type\" content=\"article\" \/>\n<meta property=\"og:title\" content=\"Psicoterapeuta Barcelona - Accessibilitat -\" \/>\n<meta property=\"og:description\" content=\"Psicoterapeuta Barcelona - Accessibilitat -\" \/>\n<meta property=\"og:url\" content=\"https:\/\/psicoterapeutabarcelona.es\/ca\/accesibilidad\/\" \/>\n<meta property=\"og:site_name\" content=\"Psicoterapeuta Barcelona\" \/>\n<meta property=\"article:modified_time\" content=\"2023-12-29T10:58:31+00:00\" \/>\n<meta name=\"twitter:card\" content=\"summary_large_image\" \/>\n<meta name=\"twitter:label1\" content=\"Temps estimat de lectura\" \/>\n\t<meta name=\"twitter:data1\" content=\"5 minuts\" \/>\n<script type=\"application\/ld+json\" class=\"yoast-schema-graph\">{\"@context\":\"https:\\\/\\\/schema.org\",\"@graph\":[{\"@type\":\"WebPage\",\"@id\":\"https:\\\/\\\/psicoterapeutabarcelona.es\\\/ca\\\/accesibilidad\\\/\",\"url\":\"https:\\\/\\\/psicoterapeutabarcelona.es\\\/ca\\\/accesibilidad\\\/\",\"name\":\"Psicoterapeuta Barcelona - Accessibilitat -\",\"isPartOf\":{\"@id\":\"https:\\\/\\\/psicoterapeutabarcelona.es\\\/ca\\\/#website\"},\"datePublished\":\"2022-10-09T11:50:04+00:00\",\"dateModified\":\"2023-12-29T10:58:31+00:00\",\"description\":\"Psicoterapeuta Barcelona - Accessibilitat -\",\"breadcrumb\":{\"@id\":\"https:\\\/\\\/psicoterapeutabarcelona.es\\\/ca\\\/accesibilidad\\\/#breadcrumb\"},\"inLanguage\":\"ca\",\"potentialAction\":[{\"@type\":\"ReadAction\",\"target\":[\"https:\\\/\\\/psicoterapeutabarcelona.es\\\/ca\\\/accesibilidad\\\/\"]}]},{\"@type\":\"BreadcrumbList\",\"@id\":\"https:\\\/\\\/psicoterapeutabarcelona.es\\\/ca\\\/accesibilidad\\\/#breadcrumb\",\"itemListElement\":[{\"@type\":\"ListItem\",\"position\":1,\"name\":\"Portada\",\"item\":\"https:\\\/\\\/psicoterapeutabarcelona.es\\\/ca\\\/\"},{\"@type\":\"ListItem\",\"position\":2,\"name\":\"Accessibilitat\"}]},{\"@type\":\"WebSite\",\"@id\":\"https:\\\/\\\/psicoterapeutabarcelona.es\\\/ca\\\/#website\",\"url\":\"https:\\\/\\\/psicoterapeutabarcelona.es\\\/ca\\\/\",\"name\":\"Psicoterapeuta Barcelona\",\"description\":\"Centro psicoterapia y psicolog\u00eda adultos en Barcelona\",\"potentialAction\":[{\"@type\":\"SearchAction\",\"target\":{\"@type\":\"EntryPoint\",\"urlTemplate\":\"https:\\\/\\\/psicoterapeutabarcelona.es\\\/ca\\\/?s={search_term_string}\"},\"query-input\":{\"@type\":\"PropertyValueSpecification\",\"valueRequired\":true,\"valueName\":\"search_term_string\"}}],\"inLanguage\":\"ca\"},{\"@type\":\"ImageObject\",\"inLanguage\":\"ca\",\"@id\":\"https:\\\/\\\/psicoterapeutabarcelona.es\\\/ca\\\/accesibilidad\\\/#local-main-organization-logo\",\"url\":\"\",\"contentUrl\":\"\",\"caption\":\"Psicoterapeuta Barcelona\"}]}<\/script>\n<meta name=\"geo.placename\" content=\"Barcelona\" \/>\n<meta name=\"geo.position\" content=\"41.38462624273252;2.160381954222568\" \/>\n<meta name=\"geo.region\" content=\"Espanya\" \/>\n<!-- \/ Yoast SEO plugin. -->","yoast_head_json":{"title":"Psicoterapeuta Barcelona - Accessibilitat -","description":"Psicoterapeuta Barcelona - Accessibilitat -","robots":{"index":"index","follow":"follow","max-snippet":"max-snippet:-1","max-image-preview":"max-image-preview:large","max-video-preview":"max-video-preview:-1"},"canonical":"https:\/\/psicoterapeutabarcelona.es\/ca\/accesibilidad\/","og_locale":"ca_ES","og_type":"article","og_title":"Psicoterapeuta Barcelona - Accessibilitat -","og_description":"Psicoterapeuta Barcelona - Accessibilitat -","og_url":"https:\/\/psicoterapeutabarcelona.es\/ca\/accesibilidad\/","og_site_name":"Psicoterapeuta Barcelona","article_modified_time":"2023-12-29T10:58:31+00:00","twitter_card":"summary_large_image","twitter_misc":{"Temps estimat de lectura":"5 minuts"},"schema":{"@context":"https:\/\/schema.org","@graph":[{"@type":"WebPage","@id":"https:\/\/psicoterapeutabarcelona.es\/ca\/accesibilidad\/","url":"https:\/\/psicoterapeutabarcelona.es\/ca\/accesibilidad\/","name":"Psicoterapeuta Barcelona - Accessibilitat -","isPartOf":{"@id":"https:\/\/psicoterapeutabarcelona.es\/ca\/#website"},"datePublished":"2022-10-09T11:50:04+00:00","dateModified":"2023-12-29T10:58:31+00:00","description":"Psicoterapeuta Barcelona - Accessibilitat -","breadcrumb":{"@id":"https:\/\/psicoterapeutabarcelona.es\/ca\/accesibilidad\/#breadcrumb"},"inLanguage":"ca","potentialAction":[{"@type":"ReadAction","target":["https:\/\/psicoterapeutabarcelona.es\/ca\/accesibilidad\/"]}]},{"@type":"BreadcrumbList","@id":"https:\/\/psicoterapeutabarcelona.es\/ca\/accesibilidad\/#breadcrumb","itemListElement":[{"@type":"ListItem","position":1,"name":"Portada","item":"https:\/\/psicoterapeutabarcelona.es\/ca\/"},{"@type":"ListItem","position":2,"name":"Accessibilitat"}]},{"@type":"WebSite","@id":"https:\/\/psicoterapeutabarcelona.es\/ca\/#website","url":"https:\/\/psicoterapeutabarcelona.es\/ca\/","name":"Psicoterapeuta Barcelona","description":"Centro psicoterapia y psicolog\u00eda adultos en Barcelona","potentialAction":[{"@type":"SearchAction","target":{"@type":"EntryPoint","urlTemplate":"https:\/\/psicoterapeutabarcelona.es\/ca\/?s={search_term_string}"},"query-input":{"@type":"PropertyValueSpecification","valueRequired":true,"valueName":"search_term_string"}}],"inLanguage":"ca"},{"@type":"ImageObject","inLanguage":"ca","@id":"https:\/\/psicoterapeutabarcelona.es\/ca\/accesibilidad\/#local-main-organization-logo","url":"","contentUrl":"","caption":"Psicoterapeuta Barcelona"}]},"geo.placename":"Barcelona","geo.position":{"lat":"41.38462624273252","long":"2.160381954222568"},"geo.region":"Espanya"},"_links":{"self":[{"href":"https:\/\/psicoterapeutabarcelona.es\/ca\/wp-json\/wp\/v2\/pages\/18222","targetHints":{"allow":["GET"]}}],"collection":[{"href":"https:\/\/psicoterapeutabarcelona.es\/ca\/wp-json\/wp\/v2\/pages"}],"about":[{"href":"https:\/\/psicoterapeutabarcelona.es\/ca\/wp-json\/wp\/v2\/types\/page"}],"author":[{"embeddable":true,"href":"https:\/\/psicoterapeutabarcelona.es\/ca\/wp-json\/wp\/v2\/users\/1"}],"replies":[{"embeddable":true,"href":"https:\/\/psicoterapeutabarcelona.es\/ca\/wp-json\/wp\/v2\/comments?post=18222"}],"version-history":[{"count":0,"href":"https:\/\/psicoterapeutabarcelona.es\/ca\/wp-json\/wp\/v2\/pages\/18222\/revisions"}],"wp:attachment":[{"href":"https:\/\/psicoterapeutabarcelona.es\/ca\/wp-json\/wp\/v2\/media?parent=18222"}],"curies":[{"name":"wp","href":"https:\/\/api.w.org\/{rel}","templated":true}]}}