{"id":18180,"date":"2022-07-14T07:32:41","date_gmt":"2022-07-14T05:32:41","guid":{"rendered":"https:\/\/psicoterapeutabarcelona.es\/politica-de-privacidad\/"},"modified":"2023-12-29T12:00:07","modified_gmt":"2023-12-29T11:00:07","slug":"politica-de-privacidad","status":"publish","type":"page","link":"https:\/\/psicoterapeutabarcelona.es\/ca\/politica-de-privacidad\/","title":{"rendered":"Pol\u00edtica de privasitat"},"content":{"rendered":"<div class=\"fusion-fullwidth fullwidth-box fusion-builder-row-1 fusion-flex-container nonhundred-percent-fullwidth non-hundred-percent-height-scrolling\" style=\"--awb-border-radius-top-left:0px;--awb-border-radius-top-right:0px;--awb-border-radius-bottom-right:0px;--awb-border-radius-bottom-left:0px;--awb-flex-wrap:wrap;\" ><div class=\"fusion-builder-row fusion-row fusion-flex-align-items-flex-start fusion-flex-content-wrap\" style=\"max-width:1144px;margin-left: calc(-4% \/ 2 );margin-right: calc(-4% \/ 2 );\"><div class=\"fusion-layout-column fusion_builder_column fusion-builder-column-0 fusion_builder_column_1_1 1_1 fusion-flex-column\" style=\"--awb-bg-size:cover;--awb-width-large:100%;--awb-margin-top-large:0px;--awb-spacing-right-large:1.92%;--awb-margin-bottom-large:0px;--awb-spacing-left-large:1.92%;--awb-width-medium:100%;--awb-spacing-right-medium:1.92%;--awb-spacing-left-medium:1.92%;--awb-width-small:100%;--awb-spacing-right-small:1.92%;--awb-spacing-left-small:1.92%;\"><div class=\"fusion-column-wrapper fusion-flex-justify-content-flex-start fusion-content-layout-column\"><div class=\"fusion-text fusion-text-1\"><h2><strong>Pol\u00edtica de protecci\u00f3 de dades<\/strong><\/h2>\n<p>En compliment dels requisits disposats a la Llei 34\/2002 LSSICE, i al REGLAMENT (UE) 2016\/679 DEL PARLAMENT EUROPEU I DEL CONSELL de 27 d&#8217;abril de 2016 relatiu a la protecci\u00f3 de les persones f\u00edsiques pel que fa al tractament de dades personals ia la lliure circulaci\u00f3 d&#8217;aquestes dades us informem que:<\/p>\n<p>Normalment \u00e9s possible fer servir el nostre lloc web sense necessitat d&#8217;aportar dades personals. Si les teves dades personals (E.g. nom, adre\u00e7a o correu electr\u00f2nic) s\u00f3n recol\u00b7lectades als nostres llocs web, \u00e9s, en la mesura del possible, sempre opcional.<\/p>\n<p>Aqu\u00ed t&#8217;expliquem quan recollim dades, qui \u00e9s el responsable de les dades recollides, la legitimitat d&#8217;aquesta recollida, perqu\u00e8 les recollim, qu\u00e8 fem amb les teves dades i com les protegim, com pots exercir els teus drets.<\/p>\n<p>El m\u00e9s important: No compartirem, vendrem, llogarem la teva informaci\u00f3 personal amb altres parts. Puc compartir certa informaci\u00f3 amb els prove\u00efdors de serveis de tercers autoritzats necessaris per prestar-te els nostres serveis.<\/p>\n<h3><strong>1. Qui \u00e9s el responsable de les vostres dades, a qui facilita les vostres dades:<\/strong><\/h3>\n<p>nova.psicoterapeutabarcelona.es, de la qual \u00e9s titular Marga Jordana Boneta, amb NIF: 78067408A, (d&#8217;ara endavant, \u201cnova.psicoterapeutabarcelona.es\u201d), amb domicili social a C. Casanova, 46, 3r 1a 08011 Barcelona, \u00e9s el responsable del tractament de les dades recollides-obtingudes a trav\u00e9s d&#8217;aquest lloc web, apps i altres mitjans digitals o impresos en qu\u00e8 nova.psicoterapeutabarcelona.es sol\u00b7liciti dades personals.<\/p>\n<h3><strong>2 Resum de com fem servir les teves dades<\/strong><\/h3>\n<p>psicoterapeutabarcelona.es utilitza les vostres dades personals per a diferents finalitats, segons la relaci\u00f3 que us uneixi amb psicoterapeutabarcelona.es, b\u00e9 sigui administrar la seva relaci\u00f3 com a client, comprar els nostres serveis, gestionar la facturaci\u00f3 i garantir que puguem comunicar-nos amb vost\u00e8 de manera eficient, per enviar-li informaci\u00f3 com a subscriptor o per respondre a les seves consultes, sol\u00b7licituds d&#8217;informaci\u00f3-pressupostos,&#8230;<\/p>\n<h3><strong>Sistemes de captura de dades, finalitats, legitimaci\u00f3 i temps del tractament de les vostres dades:<\/strong><\/h3>\n<p>Si heu emplenat un formulari de contacte per fer una consulta, demanar informaci\u00f3 i pressupostos i heu marcat la casella corresponent d&#8217;acceptaci\u00f3 la base legal o legitimaci\u00f3 del tractament de les vostres dades \u00e9s el vostre consentiment, en aquest cas les vostres dades seran tractades \u00fanicament amb la finalitat de poder respondre a la vostra consulta, seran eliminats als 7 dies despr\u00e9s de l&#8217;\u00faltima comunicaci\u00f3 que tinguem amb vost\u00e8, i nom\u00e9s es conservaran registres amb finalitats estad\u00edstiques i hist\u00f2riques.<\/p>\n<p>Si us registreu a la web mitjan\u00e7ant el formulari de registre per disposar d&#8217;un compte d&#8217;usuari i accedir a \u00e0rees que sigui requerit usuari i contrasenya i heu marcat la casella corresponent d&#8217;acceptaci\u00f3, tenim el vostre consentiment expl\u00edcit i informat, la base legal o legitimitzaci\u00f3 del tractament de les vostres dades \u00e9s el vostre consentiment, la finalitat del tractament de les vostres dades ser\u00e0 la d&#8217;autenticar-se en el sistema i donar-li acc\u00e9s a aquestes \u00e0rees privades. Les vostres dades seran eliminades quan el vostre registre com a usuari sigui deshabilitat o donat de baixa. En qualsevol moment es podr\u00e0 donar de baixa com a usuari registrat.<\/p>\n<p>Si contracta algun dels nostres serveis, la base legal o legitimaci\u00f3 del tractament de les seves dades \u00e9s la de la relaci\u00f3 contractual formalitzada i la finalitat del tractament de les seves dades ser\u00e0 la de portar les oportunes gestions administratives, facturaci\u00f3, atenci\u00f3 al client , Notificacions t\u00e8cniques de seguretat, de suport i d&#8217;actualitzaci\u00f3 de serveis, comunicacions de modificacions en preus o condicions dels seus serveis, enquestes de qualitat i satisfacci\u00f3 i altres comunicacions vinculades als serveis que tingui contractats, aix\u00ed com les legals exigides davant de les administracions p\u00fabliques. Les seves dades seran eliminades segons estableix la llei als 6 anys despr\u00e9s de la finalitzaci\u00f3 de la relaci\u00f3 com a client.<\/p>\n<p>Si vost\u00e8 se subscriu a la nostra llista de mailing o ens indica el seu desig de rebre informaci\u00f3 comercial de la nostra empresa i serveis, i ha marcat la casella corresponent d&#8217;acceptaci\u00f3 la base legal o legitimaci\u00f3 del tractament de les seves dades \u00e9s el seu consentiment, la finalitat del tractament de les vostres dades ser\u00e0 enviar informaci\u00f3 comercial, novetats, promocions i publicitat dels nostres serveis i productes. Vost\u00e8 podr\u00e0 donar-se de baixa en qualsevol moment, enviant correu electr\u00f2nic a bajas@psicoterapeutabarcelona.es o des del mateix correu electr\u00f2nic que rebi a cada comunicat podr\u00e0 clicar en un enlla\u00e7 per donar-se de baixa de la llista de subscriptors.<\/p>\n<p><strong>Cookies:<\/strong> Quan l&#8217;usuari es registra o navega en aquest web, s&#8217;emmagatzemen \u201ccookies\u201d, L&#8217;usuari pot consultar en qualsevol moment la pol\u00edtica de cookies per ampliar informaci\u00f3 sobre l&#8217;\u00fas de cookies i com desactivar-lo<\/p>\n<\/div><\/div><\/div><\/div><\/div>\n","protected":false},"excerpt":{"rendered":"","protected":false},"author":1,"featured_media":0,"parent":0,"menu_order":0,"comment_status":"closed","ping_status":"closed","template":"","meta":{"footnotes":""},"class_list":["post-18180","page","type-page","status-publish","hentry"],"yoast_head":"<!-- This site is optimized with the Yoast SEO plugin v27.6 - https:\/\/yoast.com\/product\/yoast-seo-wordpress\/ -->\n<title>Psicoterapeuta Barcelona - Pol\u00edtica de privasitat -<\/title>\n<meta name=\"description\" content=\"Psicoterapeuta Barcelona - Pol\u00edtica de privasitat -\" \/>\n<meta name=\"robots\" content=\"index, follow, max-snippet:-1, max-image-preview:large, max-video-preview:-1\" \/>\n<link rel=\"canonical\" href=\"https:\/\/psicoterapeutabarcelona.es\/ca\/politica-de-privacidad\/\" \/>\n<meta property=\"og:locale\" content=\"ca_ES\" \/>\n<meta property=\"og:type\" content=\"article\" \/>\n<meta property=\"og:title\" content=\"Psicoterapeuta Barcelona - Pol\u00edtica de privasitat -\" \/>\n<meta property=\"og:description\" content=\"Psicoterapeuta Barcelona - Pol\u00edtica de privasitat -\" \/>\n<meta property=\"og:url\" content=\"https:\/\/psicoterapeutabarcelona.es\/ca\/politica-de-privacidad\/\" \/>\n<meta property=\"og:site_name\" content=\"Psicoterapeuta Barcelona\" \/>\n<meta property=\"article:modified_time\" content=\"2023-12-29T11:00:07+00:00\" \/>\n<meta name=\"twitter:card\" content=\"summary_large_image\" \/>\n<meta name=\"twitter:label1\" content=\"Temps estimat de lectura\" \/>\n\t<meta name=\"twitter:data1\" content=\"4 minuts\" \/>\n<script type=\"application\/ld+json\" class=\"yoast-schema-graph\">{\"@context\":\"https:\\\/\\\/schema.org\",\"@graph\":[{\"@type\":\"WebPage\",\"@id\":\"https:\\\/\\\/psicoterapeutabarcelona.es\\\/ca\\\/politica-de-privacidad\\\/\",\"url\":\"https:\\\/\\\/psicoterapeutabarcelona.es\\\/ca\\\/politica-de-privacidad\\\/\",\"name\":\"Psicoterapeuta Barcelona - Pol\u00edtica de privasitat -\",\"isPartOf\":{\"@id\":\"https:\\\/\\\/psicoterapeutabarcelona.es\\\/ca\\\/#website\"},\"datePublished\":\"2022-07-14T05:32:41+00:00\",\"dateModified\":\"2023-12-29T11:00:07+00:00\",\"description\":\"Psicoterapeuta Barcelona - Pol\u00edtica de privasitat -\",\"breadcrumb\":{\"@id\":\"https:\\\/\\\/psicoterapeutabarcelona.es\\\/ca\\\/politica-de-privacidad\\\/#breadcrumb\"},\"inLanguage\":\"ca\",\"potentialAction\":[{\"@type\":\"ReadAction\",\"target\":[\"https:\\\/\\\/psicoterapeutabarcelona.es\\\/ca\\\/politica-de-privacidad\\\/\"]}]},{\"@type\":\"BreadcrumbList\",\"@id\":\"https:\\\/\\\/psicoterapeutabarcelona.es\\\/ca\\\/politica-de-privacidad\\\/#breadcrumb\",\"itemListElement\":[{\"@type\":\"ListItem\",\"position\":1,\"name\":\"Portada\",\"item\":\"https:\\\/\\\/psicoterapeutabarcelona.es\\\/ca\\\/\"},{\"@type\":\"ListItem\",\"position\":2,\"name\":\"Pol\u00edtica de privasitat\"}]},{\"@type\":\"WebSite\",\"@id\":\"https:\\\/\\\/psicoterapeutabarcelona.es\\\/ca\\\/#website\",\"url\":\"https:\\\/\\\/psicoterapeutabarcelona.es\\\/ca\\\/\",\"name\":\"Psicoterapeuta Barcelona\",\"description\":\"Centro psicoterapia y psicolog\u00eda adultos en Barcelona\",\"potentialAction\":[{\"@type\":\"SearchAction\",\"target\":{\"@type\":\"EntryPoint\",\"urlTemplate\":\"https:\\\/\\\/psicoterapeutabarcelona.es\\\/ca\\\/?s={search_term_string}\"},\"query-input\":{\"@type\":\"PropertyValueSpecification\",\"valueRequired\":true,\"valueName\":\"search_term_string\"}}],\"inLanguage\":\"ca\"},{\"@type\":\"ImageObject\",\"inLanguage\":\"ca\",\"@id\":\"https:\\\/\\\/psicoterapeutabarcelona.es\\\/ca\\\/politica-de-privacidad\\\/#local-main-organization-logo\",\"url\":\"\",\"contentUrl\":\"\",\"caption\":\"Psicoterapeuta Barcelona\"}]}<\/script>\n<meta name=\"geo.placename\" content=\"Barcelona\" \/>\n<meta name=\"geo.position\" content=\"41.38462624273252;2.160381954222568\" \/>\n<meta name=\"geo.region\" content=\"Espanya\" \/>\n<!-- \/ Yoast SEO plugin. -->","yoast_head_json":{"title":"Psicoterapeuta Barcelona - Pol\u00edtica de privasitat -","description":"Psicoterapeuta Barcelona - Pol\u00edtica de privasitat -","robots":{"index":"index","follow":"follow","max-snippet":"max-snippet:-1","max-image-preview":"max-image-preview:large","max-video-preview":"max-video-preview:-1"},"canonical":"https:\/\/psicoterapeutabarcelona.es\/ca\/politica-de-privacidad\/","og_locale":"ca_ES","og_type":"article","og_title":"Psicoterapeuta Barcelona - Pol\u00edtica de privasitat -","og_description":"Psicoterapeuta Barcelona - Pol\u00edtica de privasitat -","og_url":"https:\/\/psicoterapeutabarcelona.es\/ca\/politica-de-privacidad\/","og_site_name":"Psicoterapeuta Barcelona","article_modified_time":"2023-12-29T11:00:07+00:00","twitter_card":"summary_large_image","twitter_misc":{"Temps estimat de lectura":"4 minuts"},"schema":{"@context":"https:\/\/schema.org","@graph":[{"@type":"WebPage","@id":"https:\/\/psicoterapeutabarcelona.es\/ca\/politica-de-privacidad\/","url":"https:\/\/psicoterapeutabarcelona.es\/ca\/politica-de-privacidad\/","name":"Psicoterapeuta Barcelona - Pol\u00edtica de privasitat -","isPartOf":{"@id":"https:\/\/psicoterapeutabarcelona.es\/ca\/#website"},"datePublished":"2022-07-14T05:32:41+00:00","dateModified":"2023-12-29T11:00:07+00:00","description":"Psicoterapeuta Barcelona - Pol\u00edtica de privasitat -","breadcrumb":{"@id":"https:\/\/psicoterapeutabarcelona.es\/ca\/politica-de-privacidad\/#breadcrumb"},"inLanguage":"ca","potentialAction":[{"@type":"ReadAction","target":["https:\/\/psicoterapeutabarcelona.es\/ca\/politica-de-privacidad\/"]}]},{"@type":"BreadcrumbList","@id":"https:\/\/psicoterapeutabarcelona.es\/ca\/politica-de-privacidad\/#breadcrumb","itemListElement":[{"@type":"ListItem","position":1,"name":"Portada","item":"https:\/\/psicoterapeutabarcelona.es\/ca\/"},{"@type":"ListItem","position":2,"name":"Pol\u00edtica de privasitat"}]},{"@type":"WebSite","@id":"https:\/\/psicoterapeutabarcelona.es\/ca\/#website","url":"https:\/\/psicoterapeutabarcelona.es\/ca\/","name":"Psicoterapeuta Barcelona","description":"Centro psicoterapia y psicolog\u00eda adultos en Barcelona","potentialAction":[{"@type":"SearchAction","target":{"@type":"EntryPoint","urlTemplate":"https:\/\/psicoterapeutabarcelona.es\/ca\/?s={search_term_string}"},"query-input":{"@type":"PropertyValueSpecification","valueRequired":true,"valueName":"search_term_string"}}],"inLanguage":"ca"},{"@type":"ImageObject","inLanguage":"ca","@id":"https:\/\/psicoterapeutabarcelona.es\/ca\/politica-de-privacidad\/#local-main-organization-logo","url":"","contentUrl":"","caption":"Psicoterapeuta Barcelona"}]},"geo.placename":"Barcelona","geo.position":{"lat":"41.38462624273252","long":"2.160381954222568"},"geo.region":"Espanya"},"_links":{"self":[{"href":"https:\/\/psicoterapeutabarcelona.es\/ca\/wp-json\/wp\/v2\/pages\/18180","targetHints":{"allow":["GET"]}}],"collection":[{"href":"https:\/\/psicoterapeutabarcelona.es\/ca\/wp-json\/wp\/v2\/pages"}],"about":[{"href":"https:\/\/psicoterapeutabarcelona.es\/ca\/wp-json\/wp\/v2\/types\/page"}],"author":[{"embeddable":true,"href":"https:\/\/psicoterapeutabarcelona.es\/ca\/wp-json\/wp\/v2\/users\/1"}],"replies":[{"embeddable":true,"href":"https:\/\/psicoterapeutabarcelona.es\/ca\/wp-json\/wp\/v2\/comments?post=18180"}],"version-history":[{"count":0,"href":"https:\/\/psicoterapeutabarcelona.es\/ca\/wp-json\/wp\/v2\/pages\/18180\/revisions"}],"wp:attachment":[{"href":"https:\/\/psicoterapeutabarcelona.es\/ca\/wp-json\/wp\/v2\/media?parent=18180"}],"curies":[{"name":"wp","href":"https:\/\/api.w.org\/{rel}","templated":true}]}}