{"id":18178,"date":"2022-07-14T07:32:41","date_gmt":"2022-07-14T05:32:41","guid":{"rendered":"https:\/\/psicoterapeutabarcelona.es\/ley-de-cookies\/"},"modified":"2023-12-29T11:59:12","modified_gmt":"2023-12-29T10:59:12","slug":"ley-de-cookies","status":"publish","type":"page","link":"https:\/\/psicoterapeutabarcelona.es\/ca\/ley-de-cookies\/","title":{"rendered":"Mapa del lloc"},"content":{"rendered":"<div class=\"fusion-fullwidth fullwidth-box fusion-builder-row-1 fusion-flex-container nonhundred-percent-fullwidth non-hundred-percent-height-scrolling\" style=\"--awb-border-radius-top-left:0px;--awb-border-radius-top-right:0px;--awb-border-radius-bottom-right:0px;--awb-border-radius-bottom-left:0px;--awb-flex-wrap:wrap;\" ><div class=\"fusion-builder-row fusion-row fusion-flex-align-items-flex-start fusion-flex-content-wrap\" style=\"max-width:1144px;margin-left: calc(-4% \/ 2 );margin-right: calc(-4% \/ 2 );\"><div class=\"fusion-layout-column fusion_builder_column fusion-builder-column-0 fusion_builder_column_1_1 1_1 fusion-flex-column\" style=\"--awb-bg-size:cover;--awb-width-large:100%;--awb-margin-top-large:0px;--awb-spacing-right-large:1.92%;--awb-margin-bottom-large:0px;--awb-spacing-left-large:1.92%;--awb-width-medium:100%;--awb-spacing-right-medium:1.92%;--awb-spacing-left-medium:1.92%;--awb-width-small:100%;--awb-spacing-right-small:1.92%;--awb-spacing-left-small:1.92%;\"><div class=\"fusion-column-wrapper fusion-flex-justify-content-flex-start fusion-content-layout-column\"><div class=\"fusion-text fusion-text-1\"><div class=\"entry-content\">\n<h3>POL\u00cdTICA DE <em>COOKIES<\/em><\/h3>\n<p>A causa de l&#8217;entrada en vigor de la referent modificaci\u00f3 de la \u201cLlei de Serveis de la Societat de la Informaci\u00f3\u201d (LSSICE) establerta pel Reial decret 13\/2012, \u00e9s d&#8217;obligaci\u00f3 obtenir el consentiment expr\u00e9s de l&#8217;usuari de totes les p\u00e0gines web que usen <em>cookies <\/em>prescindibles, abans que aquest navegui per elles.<\/p>\n<h3><span id=\"%C2%BFQUE_SON_LAS_COOKIES\" class=\"ez-toc-section\"><\/span>QU\u00c8 S\u00d3N LES <em>COOKIES<\/em>?<\/h3>\n<p>Les <em>cookies <\/em>i altres tecnologies similars com ara local shared objects, flaix <em>cookies <\/em>o p\u00edxels, s\u00f3n eines emprades pels servidors Web per a emmagatzemar i recuperar informaci\u00f3 sobre els seus visitants, aix\u00ed com per a oferir un correcte funcionament del lloc.<\/p>\n<p>Mitjan\u00e7ant l&#8217;\u00fas d&#8217;aquests dispositius es permet al servidor Web recordar algunes dades concernents a l&#8217;usuari, com les seves prefer\u00e8ncies per a la visualitzaci\u00f3 de les p\u00e0gines d&#8217;aquest servidor, nom i contrasenya, productes que m\u00e9s li interessen, etc.<\/p>\n<h3><span id=\"COOKIES_AFECTADAS_POR_LA_NORMATIVA_Y_COOKIES_EXCEPTUADAS\" class=\"ez-toc-section\"><\/span><em>COOKIES <\/em> AFECTADES PER LA NORMATIVA I <em>COOKIES <\/em>EXCEPTUADES<\/h3>\n<p>Segons la directiva de la UE, les <em>cookies <\/em>que requereixen el consentiment informat per part de l&#8217;usuari s\u00f3n les <em>cookies <\/em>d&#8217;anal\u00edtica i les de publicitat i afiliaci\u00f3, quedant exceptuades les de car\u00e0cter t\u00e8cnic i les necess\u00e0ries per al funcionament del lloc web o la prestaci\u00f3 de serveis expressament sol\u00b7licitats per l&#8217;usuari.<\/p>\n<h3><span id=\"%C2%BFQUE_TIPOS_DE_COOKIES_EXISTEN\" class=\"ez-toc-section\"><\/span>QUINS TIPUS DE <em>COOKIES <\/em>EXISTEIXEN?<\/h3>\n<h4><span id=\"SEGUN_LA_FINALIDAD\" class=\"ez-toc-section\"><\/span><strong>SEGONS LA FINALITAT<\/strong><\/h4>\n<ul>\n<li><strong><em>Cookies <\/em>t\u00e8cniques i funcionals<\/strong>: s\u00f3n aquelles que permeten a l&#8217;usuari la navegaci\u00f3 a trav\u00e9s d&#8217;una p\u00e0gina web, plataforma o aplicaci\u00f3 i la utilitzaci\u00f3 de les diferents opcions o serveis que en ella existeixin.<\/li>\n<li><strong><em>Cookies <\/em>anal\u00edtiques<\/strong>: s\u00f3n aquelles que permeten al responsable de les mateixes el seguiment i an\u00e0lisi del comportament dels usuaris dels llocs web als quals estan vinculades. La informaci\u00f3 recollida mitjan\u00e7ant aquesta mena de <em>cookies <\/em>s&#8217;utilitza en el mesurament de l&#8217;activitat dels llocs web, aplicaci\u00f3 o plataforma i per a l&#8217;elaboraci\u00f3 de perfils de navegaci\u00f3 dels usuaris d&#8217;aquests llocs, aplicacions i plataformes, amb la finalitat d&#8217;introduir millores en funci\u00f3 de l&#8217;an\u00e0lisi de les dades d&#8217;\u00fas que fan els usuaris del servei.<\/li>\n<li><strong><em>Cookies <\/em>publicit\u00e0ries<\/strong>: s\u00f3n aquelles que permeten la gesti\u00f3, de la forma m\u00e9s efica\u00e7 possible, dels espais publicitaris que, si \u00e9s el cas, l&#8217;editor hagi incl\u00f2s en una p\u00e0gina web, aplicaci\u00f3 o plataforma des de la qual presta el servei sol\u00b7licitat sobre la base de criteris com el contingut editat o la freq\u00fc\u00e8ncia en la qual es mostren els anuncis.<\/li>\n<li><strong><em>Cookies <\/em>de publicitat comportamental<\/strong>: recullen informaci\u00f3 sobre les prefer\u00e8ncies i eleccions personals de l&#8217;usuari (retargeting) per a permetre la gesti\u00f3, de la forma m\u00e9s efica\u00e7 possible, dels espais publicitaris que, si \u00e9s el cas, l&#8217;editor hagi incl\u00f2s en una p\u00e0gina web, aplicaci\u00f3 o plataforma des de la qual presta el servei sol\u00b7licitat.<\/li>\n<li><strong><em>Cookies <\/em>socials<\/strong>: s\u00f3n establertes per les plataformes de xarxes socials en els serveis per a permetre-li compartir contingut amb els seus amics i xarxes. Les plataformes de mitjans socials tenen la capacitat de rastrejar la seva activitat en l\u00ednia an\u00e9s dels Serveis. Aix\u00f2 pot afectar el contingut i els missatges que veu en altres serveis que visita.<\/li>\n<li><strong><em>Cookies <\/em>d&#8217;afiliats<\/strong>: permeten fer un seguiment de les visites procedents d&#8217;altres webs, amb les quals el lloc web estableix un contracte d&#8217;afiliaci\u00f3 (empreses d&#8217;afiliaci\u00f3).<\/li>\n<li><strong><em>Cookies <\/em>de seguretat<\/strong>: emmagatzemen informaci\u00f3 xifrada per a evitar que les dades guardades en elles siguin vulnerables a atacs maliciosos de tercers.<\/li>\n<\/ul>\n<h4><span id=\"SEGUN_LA_PROPIEDAD\" class=\"ez-toc-section\"><\/span>SEGONS LA PROPIETAT<\/h4>\n<ul>\n<li><strong><em>Cookies <\/em>pr\u00f2pies:<\/strong> s\u00f3n aquelles que s&#8217;envien a l&#8217;equip terminal de l&#8217;usuari des d&#8217;un equip o domini gestionat pel propi editor i des del qual es presta el servei sol\u00b7licitat per l&#8217;usuari.<\/li>\n<li><strong><em>Cookies <\/em>de tercers<\/strong>: s\u00f3n aquelles que s&#8217;envien a l&#8217;equip terminal de l&#8217;usuari des d&#8217;un equip o domini que no \u00e9s gestionat per l&#8217;editor, sin\u00f3 per una altra entitat que tracta les dades obtingudes trav\u00e9s de les <em>cookies<\/em>.<\/li>\n<\/ul>\n<h4><span id=\"SEGUN_EL_PLAZO_DE_CONSERVACION\" class=\"ez-toc-section\"><\/span>SEGONS EL TERMINI DE CONSERVACI\u00d3<\/h4>\n<ul>\n<li><strong><em>Cookies <\/em>de sessi\u00f3<\/strong>: s\u00f3n un tipus de <em>cookies <\/em>dissenyades per a recaptar i emmagatzemar dades mentre l&#8217;usuari accedeix a una p\u00e0gina web.<\/li>\n<li><strong><em>Cookies <\/em>persistents<\/strong>: s\u00f3n un tipus de <em>cookies <\/em>en el qual les dades segueixen emmagatzemats en el terminal i poden ser accedits i tractats durant un per\u00edode definit pel responsable de la <em>cookie<\/em>, i que pot anar d&#8217;uns minuts a diversos anys.<\/li>\n<\/ul>\n<h3><span id=\"COOKIES_UTILIZADAS_EN_ESTE_SITIO_WEB\" class=\"ez-toc-section\"><\/span><em>COOKIES <\/em>UTILITZADES EN AQUEST LLOC WEB<\/h3>\n<h4><span id=\"COOKIES_CONTROLADAS_POR_EL_EDITOR\" class=\"ez-toc-section\"><\/span><em>COOKIES <\/em>CONTROLADES PER L&#8217;EDITOR<\/h4>\n<h4><span id=\"Tecnicas_y_funcionales\" class=\"ez-toc-section\"><\/span><strong>T\u00e8cniques i funcionals<\/strong><\/h4>\n<figure class=\"wp-block-table is-style-regular\">\n<table class=\"has-fixed-layout\">\n<thead>\n<tr>\n<th><strong>Propietat<\/strong><\/th>\n<th><strong><em>Cookie<\/em><\/strong><\/th>\n<th><strong>Finalitat<\/strong><\/th>\n<th><strong>Termini<\/strong><\/th>\n<\/tr>\n<\/thead>\n<tbody>\n<tr>\n<td>psicoterapeutabarcelona.es<\/td>\n<td><strong>cmplz_m\u00e0rqueting<\/strong><\/td>\n<td><em>Cookie <\/em>necess\u00e0ria per a la utilitzaci\u00f3 de les opcions i<br \/>\nserveis del lloc web<\/td>\n<td>en un any<\/td>\n<\/tr>\n<tr>\n<td>psicoterapeutabarcelona.es<\/td>\n<td><strong>complianz_consent_estatus<\/strong><\/td>\n<td><em>Cookie <\/em>necess\u00e0ria per a la utilitzaci\u00f3 de les opcions i<br \/>\nserveis del lloc web<\/td>\n<td>en un any<\/td>\n<\/tr>\n<tr>\n<td>psicoterapeutabarcelona.es<\/td>\n<td><strong>complianz_policy_aneu<\/strong><\/td>\n<td><em>Cookie <\/em>necess\u00e0ria per a la utilitzaci\u00f3 de les opcions i<br \/>\nserveis del lloc web<\/td>\n<td>en un any<\/td>\n<\/tr>\n<tr>\n<td>psicoterapeutabarcelona.es<\/td>\n<td><strong>tocplus_hideto<br \/>\nc<\/strong><\/td>\n<td><em>Cookie <\/em>necess\u00e0ria per a la utilitzaci\u00f3 de les opcions i<br \/>\nserveis del lloc web<\/td>\n<td>en un mes<\/td>\n<\/tr>\n<\/tbody>\n<\/table>\n<\/figure>\n<h4><span id=\"Analiticas\" class=\"ez-toc-section\"><\/span><strong>Anal\u00edtiques<\/strong><\/h4>\n<figure class=\"wp-block-table\">\n<table class=\"has-fixed-layout\">\n<thead>\n<tr>\n<th><strong>Propietat<\/strong><\/th>\n<th><strong><em>Cookie<\/em><\/strong><\/th>\n<th><strong>Finalitat<\/strong><\/th>\n<th><strong>Termini<\/strong><\/th>\n<\/tr>\n<\/thead>\n<tbody>\n<tr>\n<td>psicoterapeutabarcelona.es<\/td>\n<td><strong>_ga<\/strong><\/td>\n<td>ANEU utilitza per a identificar als usuaris<\/td>\n<td>en 2 anys<\/td>\n<\/tr>\n<tr>\n<td>psicoterapeutabarcelona.es<\/td>\n<td><strong>_gat<\/strong><\/td>\n<td>S&#8217;utilitza per a monitorar el nombre de peticions al servidor de Google Analytics quan s&#8217;utilitza l&#8217;Administrador d&#8217;etiquetes Google<\/td>\n<td>sessi\u00f3<\/td>\n<\/tr>\n<tr>\n<td>psicoterapeutabarcelona.es<\/td>\n<td><strong>_gid<\/strong><\/td>\n<td>ANEU utilitza per a identificar als usuaris durant 24 hores despr\u00e9s de l&#8217;\u00faltima activitat<\/td>\n<td>en 22 hores<\/td>\n<\/tr>\n<\/tbody>\n<\/table>\n<\/figure>\n<h4><span id=\"COOKIES_DE_TERCEROS\" class=\"ez-toc-section\"><\/span><em>COOKIES <\/em>DE TERCERS<\/h4>\n<p>Els serveis de tercers s\u00f3n aliens al control de l&#8217;editor. Els prove\u00efdors poden modificar en tot moment les seves condicions de servei, finalitat i utilitzaci\u00f3 de les <em>cookies<\/em>, etc.<\/p>\n<h4><span id=\"Proveedores_externos_de_este_sitio_web\" class=\"ez-toc-section\"><\/span><strong>Prove\u00efdors externs d&#8217;aquest lloc web:<\/strong><\/h4>\n<figure class=\"wp-block-table\">\n<table class=\"has-fixed-layout\">\n<thead>\n<tr>\n<th>Editor<\/th>\n<th>Pol\u00edtica de privacitat<\/th>\n<\/tr>\n<\/thead>\n<tbody>\n<tr>\n<td>Google Analytics<\/td>\n<td><a href=\"https:\/\/privacy.google.com\/take-control.html\" target=\"_blank\" rel=\"noreferrer noopener nofollow\">https:\/\/privacy.google.com\/take-control.html<\/a><\/td>\n<\/tr>\n<tr>\n<td>Mitjans socials<\/td>\n<td><a href=\"https:\/\/www.facebook.com\/policies\/cookies\/\" target=\"_blank\" rel=\"noreferrer noopener nofollow\">Facebook<\/a><\/td>\n<\/tr>\n<\/tbody>\n<\/table>\n<\/figure>\n<h3><span id=\"REVOCACION_DEL_CONSENTIMIENTO_PARA_INSTALAR_COOKIES\" class=\"ez-toc-section\"><\/span>REVOCACI\u00d3 DEL CONSENTIMENT PER A INSTAL\u00b7LAR <em>COOKIES<\/em><\/h3>\n<p><strong>Pot vost\u00e8 seguir les seg\u00fcents instruccions per a revocar les <em><a href=\"https:\/\/www.psicoterapeutabarcelona.es\/politica-de-cookies\/\" target=\"_blank\" rel=\"noreferrer noopener\">Cookies<\/a><\/em>.<\/strong><\/p>\n<h3><span id=\"COMO_GESTIONAR_LAS_COOKIES_DESDE_EL_NAVEGADOR\" class=\"ez-toc-section\"><\/span>COM GESTIONAR LES <em>COOKIES <\/em>DES DEL NAVEGADOR<\/h3>\n<ul>\n<li><strong>Eliminar les <em>cookies <\/em>del dispositiu<\/strong>: Les <em>cookies <\/em>que ja estan en un dispositiu es poden eliminar esborrant l&#8217;historial del navegador, amb el que se suprimeixen les <em>cookies <\/em>de tots els llocs web visitats. No obstant aix\u00f2, tamb\u00e9 es pot perdre part de la informaci\u00f3 guardada (per exemple, les dades d&#8217;inici de sessi\u00f3 o les prefer\u00e8ncies de lloc web).<\/li>\n<li><strong>Gestionar les <em>cookies <\/em>espec\u00edfiques del lloc<\/strong>: Per a tenir un control m\u00e9s prec\u00eds de les <em>cookies <\/em>espec\u00edfiques de cada lloc, els usuaris poden ajustar la seva configuraci\u00f3 de privacitat i <em>cookies <\/em>en el navegador.<\/li>\n<li><strong>Bloquejar les <em>cookies<\/em><\/strong>: Encara que la majoria dels navegadors moderns es poden configurar per a evitar que s&#8217;instal\u00b7lin <em>cookies <\/em>en els dispositius, aix\u00f2 pot obligar a l&#8217;ajust manual de determinades prefer\u00e8ncies cada vegada que es visiti un lloc o p\u00e0gina. A m\u00e9s, alguns serveis i caracter\u00edstiques poden no funcionar correctament (per exemple, els inicis de sessi\u00f3 amb perfil).<\/li>\n<\/ul>\n<h3><span id=\"COMO_ELIMINAR_LAS_COOKIES_DE_LOS_NAVEGADORES_MAS_COMUNES\" class=\"ez-toc-section\"><\/span>COM ELIMINAR LES <em>COOKIES <\/em>DELS NAVEGADORS M\u00c9S COMUNS<\/h3>\n<h3><span id=\"Chrome\" class=\"ez-toc-section\"><\/span>Chrome<\/h3>\n<p>1. Seleccioni la icona d&#8217;Eines<br \/>\n2. Faci clic en Configuraci\u00f3.<br \/>\n3. Faci clic a Mostrar Opcions Avan\u00e7ades.<br \/>\n4. En la secci\u00f3 \u201cPrivacitat\u201d fes clic en Configuraci\u00f3 de contingut.<br \/>\n\u2022 Eliminar cookies: Faci clic en Totes les cookies i les dades de llocs\u2026<br \/>\n\u2022 No permetre que s&#8217;emmagatzemin cookies.<br \/>\n5. Faci clic a Eliminar dades de navegaci\u00f3 (buidar la Caixet).<br \/>\n6. Tancament i reinici\u00ef el navegador.<\/p>\n<p>Per a m\u00e9s informaci\u00f3 sobre Chrome premi aqu\u00ed: <a href=\"http:\/\/support.google.com\/chrome\/answer\/95647?hl=es\" target=\"_blank\" rel=\"noreferrer noopener nofollow\">http:\/\/support.google.com\/chrome\/answer\/95647?hl=es<\/a><\/p>\n<h3><span id=\"Internet_Explorer_Version_11\" class=\"ez-toc-section\"><\/span>Internet Explorer. Versi\u00f3 11<\/h3>\n<p>1. Seleccioni Eines | Opcions d&#8217;Internet.<br \/>\n2. Faci clic en la fitxa General.<br \/>\n3. En la secci\u00f3 \u201cHistorial d&#8217;exploraci\u00f3\u201d, faci clic a Eliminar l&#8217;historial d&#8217;exploraci\u00f3 en sortir.<br \/>\n4. Seleccioni Eliminar arxius.<br \/>\n5. Seleccioni Eliminar cookies.<br \/>\n6. Faci clic a Eliminar.<br \/>\n7. Faci clic a Acceptar.<br \/>\n8. Tancament i reinici\u00ef el navegador.<\/p>\n<p>Per a m\u00e9s informaci\u00f3 sobre Internet Explorer premi aqu\u00ed: <a href=\"https:\/\/support.microsoft.com\/es-es\/help\/278835\/how-to-delete-cookie-files-in-internet-explorer\" target=\"_blank\" rel=\"noreferrer noopener nofollow\">https:\/\/support.microsoft.com\/\u00e9s-\u00e9s\/help\/278835\/how-to-delete-cookie-files-in-internet-explorer<\/a><\/p>\n<h3 id=\"cookies-mozilla-firefox-habilitar-deshabilitar\"><span id=\"Mozilla_Firefox_Version_18\" class=\"ez-toc-section\"><\/span>Mozilla Firefox. Versi\u00f3 18<\/h3>\n<p>1. Seleccioni Firefox | Historial | Netejar l&#8217;historial recent.<br \/>\n2. Al costat de \u201cDetalls\u201d, faci clic en la fletxa cap avall.<br \/>\n3. Seleccioni les seg\u00fcents caselles de verificaci\u00f3: Cookies, Caixet, Inicis de sessi\u00f3 actius<br \/>\n4. Usant el \u201cInterval de temps per a esborrar\u201d en el men\u00fa desplegable, seleccioni Tot.<br \/>\n5. Faci clic a Esborrar ara.<br \/>\n6. Tancament i reinici\u00ef el navegador.<\/p>\n<p>Pot acceptar o rebutjar les <em>cookies<\/em> individualment en les Prefer\u00e8ncies de Firefox, en la secci\u00f3 Historial disponible en Eines &gt; Opcions &gt; Privacitat.<\/p>\n<p>Per a m\u00e9s informaci\u00f3 sobre Mozilla Firefox premi aqu\u00ed: <a href=\"https:\/\/www.mozilla.org\/es-ES\/privacy\/websites\/#cookies\" target=\"_blank\" rel=\"noreferrer noopener nofollow\">https:\/\/www.mozilla.org\/es-es\/privacy\/websites\/#cookies<\/a><\/p>\n<h3 id=\"cookies-apple-safari\"><span id=\"Safari_Version_51\" class=\"ez-toc-section\"><\/span>Safari Versi\u00f3 5.1<\/h3>\n<p>1. Seleccioni la icona de Safari \/ Editar | Restaurar Safari.<br \/>\n2. Seleccioni les seg\u00fcents caselles de verificaci\u00f3: Esborrar l&#8217;historial, Eliminar totes les dades de lloc web<br \/>\n3. Faci clic a Restablir.<br \/>\n4. Tancament i reinici\u00ef el navegador.<\/p>\n<p>Per a m\u00e9s informaci\u00f3 sobre Safari premi aqu\u00ed: <a href=\"https:\/\/www.apple.com\/legal\/privacy\/en-ww\/cookies\/\" target=\"_blank\" rel=\"noreferrer noopener nofollow\">https:\/\/www.apple.com\/legal\/privacy\/en-ww\/cookies\/<\/a><\/p>\n<h3><span id=\"Opera\" class=\"ez-toc-section\"><\/span>Opera<\/h3>\n<p>Opcions \u2013 Avan\u00e7at \u2013 Cookies.<br \/>\nLes opcions de <em>cookies<\/em> controlen el mode en qu\u00e8 Opera els maneja i per tant la seva acceptaci\u00f3 o rebuig.<\/p>\n<p>Per a m\u00e9s informaci\u00f3 sobre Opera premi aqu\u00ed:<a href=\"https:\/\/help.opera.com\/en\/latest\/security-and-privacy\/#clearBrowsingData\" target=\"_blank\" rel=\"noreferrer noopener nofollow\"> https:\/\/help.opera.com\/en\/latest\/security-and-privacy\/#clearBrowsingData<\/a><\/p>\n<h3><span id=\"Otros_navegadores\" class=\"ez-toc-section\"><\/span>Altres navegadors<\/h3>\n<p>Consulti la documentaci\u00f3 del navegador que tingui instal\u00b7lat.<\/p>\n<p><a href=\"http:\/\/support.google.com\/chrome\/bin\/answer.py?hl=es-419&amp;answer=95647\" target=\"_blank\" rel=\"noopener noreferrer\"><u>Google Chrome<\/u><\/a> \u2013 <a href=\"https:\/\/support.microsoft.com\/es-es\/help\/17442\/windows-internet-explorer-delete-manage-cookies\" target=\"_blank\" rel=\"noreferrer noopener nofollow\"><u>Internet Explorer<\/u><\/a> \u2013 <a href=\"https:\/\/www.psicoterapeutabarcelona.es\/politica-de-cookies\/#cookies-mozilla-firefox-habilitar-deshabilitar\" target=\"_blank\" rel=\"noreferrer noopener\"><u>Mozilla Firefox<\/u><\/a> \u2013 <a href=\"https:\/\/www.apple.com\/legal\/privacy\/en-ww\/cookies\/\" target=\"_blank\" rel=\"noreferrer noopener nofollow\"><u>Apple Safari<\/u><\/a><\/p>\n<hr class=\"wp-block-separator\" \/>\n<\/div>\n<\/div><\/div><\/div><\/div><\/div>\n","protected":false},"excerpt":{"rendered":"","protected":false},"author":1,"featured_media":0,"parent":0,"menu_order":0,"comment_status":"closed","ping_status":"closed","template":"","meta":{"footnotes":""},"class_list":["post-18178","page","type-page","status-publish","hentry"],"yoast_head":"<!-- This site is optimized with the Yoast SEO plugin v27.3 - https:\/\/yoast.com\/product\/yoast-seo-wordpress\/ -->\n<title>Psicoterapeuta Barcelona - Mapa del lloc -<\/title>\n<meta name=\"description\" content=\"Psicoterapeuta Barcelona - Mapa del lloc -\" \/>\n<meta name=\"robots\" content=\"index, follow, max-snippet:-1, max-image-preview:large, max-video-preview:-1\" \/>\n<link rel=\"canonical\" href=\"https:\/\/psicoterapeutabarcelona.es\/ca\/ley-de-cookies\/\" \/>\n<meta property=\"og:locale\" content=\"ca_ES\" \/>\n<meta property=\"og:type\" content=\"article\" \/>\n<meta property=\"og:title\" content=\"Psicoterapeuta Barcelona - Mapa del lloc -\" \/>\n<meta property=\"og:description\" content=\"Psicoterapeuta Barcelona - Mapa del lloc -\" \/>\n<meta property=\"og:url\" content=\"https:\/\/psicoterapeutabarcelona.es\/ca\/ley-de-cookies\/\" \/>\n<meta property=\"og:site_name\" content=\"Psicoterapeuta Barcelona\" \/>\n<meta property=\"article:modified_time\" content=\"2023-12-29T10:59:12+00:00\" \/>\n<meta name=\"twitter:card\" content=\"summary_large_image\" \/>\n<meta name=\"twitter:label1\" content=\"Temps estimat de lectura\" \/>\n\t<meta name=\"twitter:data1\" content=\"7 minuts\" \/>\n<script type=\"application\/ld+json\" class=\"yoast-schema-graph\">{\"@context\":\"https:\\\/\\\/schema.org\",\"@graph\":[{\"@type\":\"WebPage\",\"@id\":\"https:\\\/\\\/psicoterapeutabarcelona.es\\\/ca\\\/ley-de-cookies\\\/\",\"url\":\"https:\\\/\\\/psicoterapeutabarcelona.es\\\/ca\\\/ley-de-cookies\\\/\",\"name\":\"Psicoterapeuta Barcelona - Mapa del lloc -\",\"isPartOf\":{\"@id\":\"https:\\\/\\\/psicoterapeutabarcelona.es\\\/ca\\\/#website\"},\"datePublished\":\"2022-07-14T05:32:41+00:00\",\"dateModified\":\"2023-12-29T10:59:12+00:00\",\"description\":\"Psicoterapeuta Barcelona - Mapa del lloc -\",\"breadcrumb\":{\"@id\":\"https:\\\/\\\/psicoterapeutabarcelona.es\\\/ca\\\/ley-de-cookies\\\/#breadcrumb\"},\"inLanguage\":\"ca\",\"potentialAction\":[{\"@type\":\"ReadAction\",\"target\":[\"https:\\\/\\\/psicoterapeutabarcelona.es\\\/ca\\\/ley-de-cookies\\\/\"]}]},{\"@type\":\"BreadcrumbList\",\"@id\":\"https:\\\/\\\/psicoterapeutabarcelona.es\\\/ca\\\/ley-de-cookies\\\/#breadcrumb\",\"itemListElement\":[{\"@type\":\"ListItem\",\"position\":1,\"name\":\"Portada\",\"item\":\"https:\\\/\\\/psicoterapeutabarcelona.es\\\/ca\\\/\"},{\"@type\":\"ListItem\",\"position\":2,\"name\":\"Mapa del lloc\"}]},{\"@type\":\"WebSite\",\"@id\":\"https:\\\/\\\/psicoterapeutabarcelona.es\\\/ca\\\/#website\",\"url\":\"https:\\\/\\\/psicoterapeutabarcelona.es\\\/ca\\\/\",\"name\":\"Psicoterapeuta Barcelona\",\"description\":\"Centro psicoterapia y psicolog\u00eda adultos en Barcelona\",\"potentialAction\":[{\"@type\":\"SearchAction\",\"target\":{\"@type\":\"EntryPoint\",\"urlTemplate\":\"https:\\\/\\\/psicoterapeutabarcelona.es\\\/ca\\\/?s={search_term_string}\"},\"query-input\":{\"@type\":\"PropertyValueSpecification\",\"valueRequired\":true,\"valueName\":\"search_term_string\"}}],\"inLanguage\":\"ca\"},{\"@type\":\"ImageObject\",\"inLanguage\":\"ca\",\"@id\":\"https:\\\/\\\/psicoterapeutabarcelona.es\\\/ca\\\/ley-de-cookies\\\/#local-main-organization-logo\",\"url\":\"\",\"contentUrl\":\"\",\"caption\":\"Psicoterapeuta Barcelona\"}]}<\/script>\n<meta name=\"geo.placename\" content=\"Barcelona\" \/>\n<meta name=\"geo.position\" content=\"41.38462624273252;2.160381954222568\" \/>\n<meta name=\"geo.region\" content=\"Espanya\" \/>\n<!-- \/ Yoast SEO plugin. -->","yoast_head_json":{"title":"Psicoterapeuta Barcelona - Mapa del lloc -","description":"Psicoterapeuta Barcelona - Mapa del lloc -","robots":{"index":"index","follow":"follow","max-snippet":"max-snippet:-1","max-image-preview":"max-image-preview:large","max-video-preview":"max-video-preview:-1"},"canonical":"https:\/\/psicoterapeutabarcelona.es\/ca\/ley-de-cookies\/","og_locale":"ca_ES","og_type":"article","og_title":"Psicoterapeuta Barcelona - Mapa del lloc -","og_description":"Psicoterapeuta Barcelona - Mapa del lloc -","og_url":"https:\/\/psicoterapeutabarcelona.es\/ca\/ley-de-cookies\/","og_site_name":"Psicoterapeuta Barcelona","article_modified_time":"2023-12-29T10:59:12+00:00","twitter_card":"summary_large_image","twitter_misc":{"Temps estimat de lectura":"7 minuts"},"schema":{"@context":"https:\/\/schema.org","@graph":[{"@type":"WebPage","@id":"https:\/\/psicoterapeutabarcelona.es\/ca\/ley-de-cookies\/","url":"https:\/\/psicoterapeutabarcelona.es\/ca\/ley-de-cookies\/","name":"Psicoterapeuta Barcelona - Mapa del lloc -","isPartOf":{"@id":"https:\/\/psicoterapeutabarcelona.es\/ca\/#website"},"datePublished":"2022-07-14T05:32:41+00:00","dateModified":"2023-12-29T10:59:12+00:00","description":"Psicoterapeuta Barcelona - Mapa del lloc -","breadcrumb":{"@id":"https:\/\/psicoterapeutabarcelona.es\/ca\/ley-de-cookies\/#breadcrumb"},"inLanguage":"ca","potentialAction":[{"@type":"ReadAction","target":["https:\/\/psicoterapeutabarcelona.es\/ca\/ley-de-cookies\/"]}]},{"@type":"BreadcrumbList","@id":"https:\/\/psicoterapeutabarcelona.es\/ca\/ley-de-cookies\/#breadcrumb","itemListElement":[{"@type":"ListItem","position":1,"name":"Portada","item":"https:\/\/psicoterapeutabarcelona.es\/ca\/"},{"@type":"ListItem","position":2,"name":"Mapa del lloc"}]},{"@type":"WebSite","@id":"https:\/\/psicoterapeutabarcelona.es\/ca\/#website","url":"https:\/\/psicoterapeutabarcelona.es\/ca\/","name":"Psicoterapeuta Barcelona","description":"Centro psicoterapia y psicolog\u00eda adultos en Barcelona","potentialAction":[{"@type":"SearchAction","target":{"@type":"EntryPoint","urlTemplate":"https:\/\/psicoterapeutabarcelona.es\/ca\/?s={search_term_string}"},"query-input":{"@type":"PropertyValueSpecification","valueRequired":true,"valueName":"search_term_string"}}],"inLanguage":"ca"},{"@type":"ImageObject","inLanguage":"ca","@id":"https:\/\/psicoterapeutabarcelona.es\/ca\/ley-de-cookies\/#local-main-organization-logo","url":"","contentUrl":"","caption":"Psicoterapeuta Barcelona"}]},"geo.placename":"Barcelona","geo.position":{"lat":"41.38462624273252","long":"2.160381954222568"},"geo.region":"Espanya"},"_links":{"self":[{"href":"https:\/\/psicoterapeutabarcelona.es\/ca\/wp-json\/wp\/v2\/pages\/18178","targetHints":{"allow":["GET"]}}],"collection":[{"href":"https:\/\/psicoterapeutabarcelona.es\/ca\/wp-json\/wp\/v2\/pages"}],"about":[{"href":"https:\/\/psicoterapeutabarcelona.es\/ca\/wp-json\/wp\/v2\/types\/page"}],"author":[{"embeddable":true,"href":"https:\/\/psicoterapeutabarcelona.es\/ca\/wp-json\/wp\/v2\/users\/1"}],"replies":[{"embeddable":true,"href":"https:\/\/psicoterapeutabarcelona.es\/ca\/wp-json\/wp\/v2\/comments?post=18178"}],"version-history":[{"count":0,"href":"https:\/\/psicoterapeutabarcelona.es\/ca\/wp-json\/wp\/v2\/pages\/18178\/revisions"}],"wp:attachment":[{"href":"https:\/\/psicoterapeutabarcelona.es\/ca\/wp-json\/wp\/v2\/media?parent=18178"}],"curies":[{"name":"wp","href":"https:\/\/api.w.org\/{rel}","templated":true}]}}