{"id":18137,"date":"2023-07-12T18:12:41","date_gmt":"2023-07-12T16:12:41","guid":{"rendered":"https:\/\/psicoterapeutabarcelona.es\/elaboracion-de-duelos\/"},"modified":"2024-04-04T12:23:09","modified_gmt":"2024-04-04T10:23:09","slug":"elaboracion-de-duelos","status":"publish","type":"page","link":"https:\/\/psicoterapeutabarcelona.es\/ca\/elaboracion-de-duelos\/","title":{"rendered":"Elaboraci\u00f3n de duelos"},"content":{"rendered":"<p><div class=\"fusion-fullwidth fullwidth-box fusion-builder-row-1 fusion-flex-container has-pattern-background has-mask-background fusion-parallax-none nonhundred-percent-fullwidth non-hundred-percent-height-scrolling\" style=\"--awb-background-position:center top;--awb-border-radius-top-left:0px;--awb-border-radius-top-right:0px;--awb-border-radius-bottom-right:0px;--awb-border-radius-bottom-left:0px;--awb-margin-bottom:50px;--awb-min-height:500px;--awb-background-image:url(&quot;https:\/\/psicoterapeutabarcelona.es\/wp-content\/uploads\/2023\/05\/pexels-helena-lopes-697244-1-scaled.jpg&quot;);--awb-background-size:cover;--awb-flex-wrap:wrap;\" ><div class=\"fusion-builder-row fusion-row fusion-flex-align-items-flex-start fusion-flex-justify-content-center fusion-flex-content-wrap\" style=\"max-width:1144px;margin-left: calc(-4% \/ 2 );margin-right: calc(-4% \/ 2 );\"><div class=\"fusion-layout-column fusion_builder_column fusion-builder-column-0 fusion_builder_column_1_2 1_2 fusion-flex-column fusion-flex-align-self-center\" style=\"--awb-bg-size:cover;--awb-width-large:50%;--awb-margin-top-large:0px;--awb-spacing-right-large:3.84%;--awb-margin-bottom-large:20px;--awb-spacing-left-large:3.84%;--awb-width-medium:50%;--awb-order-medium:0;--awb-spacing-right-medium:3.84%;--awb-spacing-left-medium:3.84%;--awb-width-small:100%;--awb-order-small:0;--awb-spacing-right-small:1.92%;--awb-spacing-left-small:1.92%;\" id=\"glass\" data-motion-effects=\"[{&quot;type&quot;:&quot;&quot;,&quot;scroll_type&quot;:&quot;transition&quot;,&quot;scroll_direction&quot;:&quot;up&quot;,&quot;transition_speed&quot;:&quot;1&quot;,&quot;fade_type&quot;:&quot;in&quot;,&quot;scale_type&quot;:&quot;up&quot;,&quot;initial_scale&quot;:&quot;1&quot;,&quot;max_scale&quot;:&quot;1.5&quot;,&quot;min_scale&quot;:&quot;0.5&quot;,&quot;initial_rotate&quot;:&quot;0&quot;,&quot;end_rotate&quot;:&quot;30&quot;,&quot;initial_blur&quot;:&quot;0&quot;,&quot;end_blur&quot;:&quot;3&quot;,&quot;start_element&quot;:&quot;top&quot;,&quot;start_viewport&quot;:&quot;bottom&quot;,&quot;end_element&quot;:&quot;bottom&quot;,&quot;end_viewport&quot;:&quot;top&quot;,&quot;mouse_effect&quot;:&quot;track&quot;,&quot;mouse_effect_direction&quot;:&quot;opposite&quot;,&quot;mouse_effect_speed&quot;:&quot;2&quot;,&quot;infinite_animation&quot;:&quot;float&quot;,&quot;infinite_animation_speed&quot;:&quot;2&quot;}]\" data-scroll-devices=\"small-visibility,medium-visibility,large-visibility\"><div class=\"fusion-column-wrapper fusion-column-has-shadow fusion-flex-justify-content-center fusion-content-layout-column\"><div class=\"fusion-title title fusion-title-1 fusion-sep-none fusion-title-center fusion-title-text fusion-title-size-one\" style=\"--awb-text-color:var(--awb-color1);\" id=\"shadow\"><h1 class=\"fusion-title-heading title-heading-center\" style=\"margin:0;\">Elaboraci\u00f3 de dols: supera les teves p\u00e8rdues i troba pau interior<\/h1><\/div><div class=\"fusion-text fusion-text-1\" style=\"--awb-text-color:var(--awb-color1);\" id=\"shadow\"><p><span style=\"font-weight: 400;\">Acompanyament professional per a superar p\u00e8rdues i processar emocions. Troba suport i resili\u00e8ncia en el nostre servei especialitzat.<\/span><\/p>\n<p><span style=\"font-weight: 400;\">Supera els teus dols i troba pau interior.<\/span><\/p>\n<p><span style=\"font-weight: 400;\">Contacta amb nosaltres ara!<\/span><\/p>\n<\/div><\/div><\/div><\/div><\/div><div class=\"fusion-fullwidth fullwidth-box fusion-builder-row-2 fusion-flex-container nonhundred-percent-fullwidth non-hundred-percent-height-scrolling\" style=\"--awb-border-radius-top-left:0px;--awb-border-radius-top-right:0px;--awb-border-radius-bottom-right:0px;--awb-border-radius-bottom-left:0px;--awb-padding-top:50px;--awb-padding-bottom:50px;--awb-margin-top:60px;--awb-margin-bottom:60px;--awb-flex-wrap:wrap;\" ><div class=\"fusion-builder-row fusion-row fusion-flex-align-items-flex-start fusion-flex-content-wrap\" style=\"max-width:1144px;margin-left: calc(-4% \/ 2 );margin-right: calc(-4% \/ 2 );\"><div class=\"fusion-layout-column fusion_builder_column fusion-builder-column-1 fusion_builder_column_1_2 1_2 fusion-flex-column\" style=\"--awb-bg-size:cover;--awb-width-large:50%;--awb-margin-top-large:0px;--awb-spacing-right-large:3.84%;--awb-margin-bottom-large:20px;--awb-spacing-left-large:3.84%;--awb-width-medium:50%;--awb-order-medium:0;--awb-spacing-right-medium:3.84%;--awb-spacing-left-medium:3.84%;--awb-width-small:100%;--awb-order-small:0;--awb-spacing-right-small:1.92%;--awb-spacing-left-small:1.92%;\"><div class=\"fusion-column-wrapper fusion-column-has-shadow fusion-flex-justify-content-flex-start fusion-content-layout-column\"><div class=\"fusion-title title fusion-title-2 fusion-sep-none fusion-title-text fusion-title-size-two\" style=\"--awb-text-color:var(--awb-color5);--awb-font-size:27px;\"><h2 class=\"fusion-title-heading title-heading-left\" style=\"margin:0;font-size:1em;\"><h2>La import\u00e0ncia de l\u2019elaboraci\u00f3 de dols<\/h2><\/h2><\/div><div class=\"fusion-text fusion-text-2\"><p><span style=\"font-weight: 400;\">L\u2019elaboraci\u00f3 de dols \u00e9s fonamental per al nostre benestar emocional i mental. Quan experimentem p\u00e8rdues significatives, ja sigui la mort d\u2019un \u00e9sser estimat, una separaci\u00f3 o qualsevol mena de ruptura, \u00e9s crucial processar i assimilar aquestes emocions.<\/span><\/p>\n<p><span style=\"font-weight: 400;\">L\u2019elaboraci\u00f3 adequada dels dols ens permet confrontar i acceptar la realitat de la p\u00e8rdua, alliberar el dolor i trobar un sentit renovat en la nostra vida.<\/span><\/p>\n<p><span style=\"font-weight: 400;\">En Espai Psicol\u00f2gic, entenem la import\u00e0ncia d\u2019aquest proc\u00e9s i t\u2019oferim un suport expert i emp\u00e0tic per a acompanyar-te en el teu cam\u00ed cap a la sanaci\u00f3. Deixa\u2019ns ajudar-te a trobar la pau interior i la resili\u00e8ncia necess\u00e0ries per a seguir endavant.<\/span><\/p>\n<p><span style=\"font-weight: 400;\">Contacta amb nosaltres avui mateix i comen\u00e7a el teu proc\u00e9s d\u2019elaboraci\u00f3 de dols!<\/span><\/p>\n<\/div><div ><a class=\"fusion-button button-flat fusion-button-default-size button-default fusion-button-default button-1 fusion-button-default-span fusion-button-default-type\" target=\"_blank\" rel=\"noopener noreferrer\" href=\"https:\/\/psicoterapeutabarcelona.es\/contacto\/\"><span class=\"fusion-button-text\">Demana la teva cita<\/span><\/a><\/div><\/div><\/div><div class=\"fusion-layout-column fusion_builder_column fusion-builder-column-2 fusion_builder_column_1_2 1_2 fusion-flex-column fusion-flex-align-self-stretch\" style=\"--awb-bg-image:url(&#039;https:\/\/psicoterapeutabarcelona.es\/wp-content\/uploads\/2023\/04\/catalin-pop-noydSJIWMSg-unsplash-1.jpg&#039;);--awb-bg-position:center center;--awb-bg-size:cover;--awb-width-large:50%;--awb-margin-top-large:0px;--awb-spacing-right-large:3.84%;--awb-margin-bottom-large:20px;--awb-spacing-left-large:3.84%;--awb-width-medium:50%;--awb-order-medium:0;--awb-spacing-right-medium:3.84%;--awb-spacing-left-medium:3.84%;--awb-width-small:100%;--awb-order-small:0;--awb-spacing-right-small:1.92%;--awb-spacing-left-small:1.92%;\"><div class=\"fusion-column-wrapper fusion-column-has-shadow fusion-flex-justify-content-center fusion-content-layout-column fusion-empty-column-bg-image fusion-column-has-bg-image\" data-bg-url=\"https:\/\/psicoterapeutabarcelona.es\/wp-content\/uploads\/2023\/04\/catalin-pop-noydSJIWMSg-unsplash-1.jpg\"><img decoding=\"async\" class=\"fusion-empty-dims-img-placeholder\" src=\"data:image\/svg+xml,%3Csvg%20xmlns%3D%27http%3A%2F%2Fwww.w3.org%2F2000%2Fsvg%27%20width%3D%272400%27%20height%3D%271600%27%20viewBox%3D%270%200%202400%201600%27%3E%3Crect%20width%3D%272400%27%20height%3D%271600%27%20fill-opacity%3D%220%22%2F%3E%3C%2Fsvg%3E\"><\/div><\/div><\/div><\/div><div class=\"fusion-fullwidth fullwidth-box fusion-builder-row-3 fusion-flex-container nonhundred-percent-fullwidth non-hundred-percent-height-scrolling\" style=\"--awb-border-radius-top-left:0px;--awb-border-radius-top-right:0px;--awb-border-radius-bottom-right:0px;--awb-border-radius-bottom-left:0px;--awb-padding-top:50px;--awb-padding-bottom:50px;--awb-margin-top:60px;--awb-margin-bottom:60px;--awb-background-color:var(--awb-color5);--awb-flex-wrap:wrap;\" ><div class=\"fusion-builder-row fusion-row fusion-flex-align-items-flex-start fusion-flex-content-wrap\" style=\"max-width:1144px;margin-left: calc(-4% \/ 2 );margin-right: calc(-4% \/ 2 );\"><div class=\"fusion-layout-column fusion_builder_column fusion-builder-column-3 fusion_builder_column_1_3 1_3 fusion-flex-column fusion-flex-align-self-stretch\" style=\"--awb-bg-image:url(&#039;https:\/\/psicoterapeutabarcelona.es\/wp-content\/uploads\/2023\/05\/pexels-cottonbro-studio-4098232-scaled.jpg&#039;);--awb-bg-position:center center;--awb-bg-size:cover;--awb-width-large:33.333333333333%;--awb-margin-top-large:0px;--awb-spacing-right-large:5.76%;--awb-margin-bottom-large:20px;--awb-spacing-left-large:5.76%;--awb-width-medium:33.333333333333%;--awb-order-medium:0;--awb-spacing-right-medium:5.76%;--awb-spacing-left-medium:5.76%;--awb-width-small:100%;--awb-order-small:0;--awb-spacing-right-small:1.92%;--awb-spacing-left-small:1.92%;\"><div class=\"fusion-column-wrapper fusion-column-has-shadow fusion-flex-justify-content-center fusion-content-layout-column fusion-empty-column-bg-image fusion-column-has-bg-image\" data-bg-url=\"https:\/\/psicoterapeutabarcelona.es\/wp-content\/uploads\/2023\/05\/pexels-cottonbro-studio-4098232-scaled.jpg\"><img decoding=\"async\" class=\"fusion-empty-dims-img-placeholder\" src=\"data:image\/svg+xml,%3Csvg%20xmlns%3D%27http%3A%2F%2Fwww.w3.org%2F2000%2Fsvg%27%20width%3D%271707%27%20height%3D%272560%27%20viewBox%3D%270%200%201707%202560%27%3E%3Crect%20width%3D%271707%27%20height%3D%272560%27%20fill-opacity%3D%220%22%2F%3E%3C%2Fsvg%3E\"><\/div><\/div><div class=\"fusion-layout-column fusion_builder_column fusion-builder-column-4 fusion_builder_column_2_3 2_3 fusion-flex-column\" style=\"--awb-bg-size:cover;--awb-width-large:66.666666666667%;--awb-margin-top-large:0px;--awb-spacing-right-large:2.88%;--awb-margin-bottom-large:20px;--awb-spacing-left-large:2.88%;--awb-width-medium:66.666666666667%;--awb-order-medium:0;--awb-spacing-right-medium:2.88%;--awb-spacing-left-medium:2.88%;--awb-width-small:100%;--awb-order-small:0;--awb-spacing-right-small:1.92%;--awb-spacing-left-small:1.92%;\" data-motion-effects=\"[{&quot;type&quot;:&quot;&quot;,&quot;scroll_type&quot;:&quot;transition&quot;,&quot;scroll_direction&quot;:&quot;up&quot;,&quot;transition_speed&quot;:&quot;1&quot;,&quot;fade_type&quot;:&quot;in&quot;,&quot;scale_type&quot;:&quot;up&quot;,&quot;initial_scale&quot;:&quot;1&quot;,&quot;max_scale&quot;:&quot;1.5&quot;,&quot;min_scale&quot;:&quot;0.5&quot;,&quot;initial_rotate&quot;:&quot;0&quot;,&quot;end_rotate&quot;:&quot;30&quot;,&quot;initial_blur&quot;:&quot;0&quot;,&quot;end_blur&quot;:&quot;3&quot;,&quot;start_element&quot;:&quot;top&quot;,&quot;start_viewport&quot;:&quot;bottom&quot;,&quot;end_element&quot;:&quot;bottom&quot;,&quot;end_viewport&quot;:&quot;top&quot;,&quot;mouse_effect&quot;:&quot;track&quot;,&quot;mouse_effect_direction&quot;:&quot;opposite&quot;,&quot;mouse_effect_speed&quot;:&quot;2&quot;,&quot;infinite_animation&quot;:&quot;float&quot;,&quot;infinite_animation_speed&quot;:&quot;2&quot;}]\" data-scroll-devices=\"small-visibility,medium-visibility,large-visibility\"><div class=\"fusion-column-wrapper fusion-column-has-shadow fusion-flex-justify-content-flex-start fusion-content-layout-column\"><div class=\"fusion-title title fusion-title-3 fusion-sep-none fusion-title-text fusion-title-size-two\" style=\"--awb-text-color:var(--awb-color1);--awb-font-size:27px;\"><h2 class=\"fusion-title-heading title-heading-left\" style=\"margin:0;font-size:1em;\">Com pot ajudar l\u2019elaboraci\u00f3 de dols?<\/h2><\/div><div class=\"fusion-text fusion-text-3\" style=\"--awb-text-color:var(--awb-color1);\"><p><span style=\"font-weight: 400;\">L\u2019elaboraci\u00f3 de dols pot ser de gran ajuda en el proc\u00e9s de sanaci\u00f3 emocional. Ens permet enfrontar i processar de manera saludable les emocions relacionades amb la p\u00e8rdua.<\/span><\/p>\n<p><span style=\"font-weight: 400;\">A trav\u00e9s del suport psicoterap\u00e8utic especialitzat, es brinda un espai segur per a expressar el dolor, la tristesa i l\u2019angoixa. L\u2019elaboraci\u00f3 de dols ajuda a trobar un nou significat a la vida, promovent l\u2019acceptaci\u00f3 i el creixement personal.<\/span><\/p>\n<p><span style=\"font-weight: 400;\">A Espai Psicol\u00f2gic, els nostres professionals et guiaran en aquest proc\u00e9s, donant-te eines i estrat\u00e8gies per a superar el dolor i trobar la pau interior.<\/span><\/p>\n<p><span style=\"font-weight: 400;\">Comen\u00e7a el teu cam\u00ed cap a la sanaci\u00f3 emocional avui mateix!<\/span><\/p>\n<\/div><\/div><\/div><\/div><\/div><div class=\"fusion-fullwidth fullwidth-box fusion-builder-row-4 fusion-flex-container nonhundred-percent-fullwidth non-hundred-percent-height-scrolling\" style=\"--awb-border-radius-top-left:0px;--awb-border-radius-top-right:0px;--awb-border-radius-bottom-right:0px;--awb-border-radius-bottom-left:0px;--awb-padding-top:50px;--awb-padding-bottom:50px;--awb-margin-top:60px;--awb-margin-bottom:60px;--awb-flex-wrap:wrap;\" ><div class=\"fusion-builder-row fusion-row fusion-flex-align-items-flex-start fusion-flex-content-wrap\" style=\"max-width:1144px;margin-left: calc(-4% \/ 2 );margin-right: calc(-4% \/ 2 );\"><div class=\"fusion-layout-column fusion_builder_column fusion-builder-column-5 fusion_builder_column_1_2 1_2 fusion-flex-column\" style=\"--awb-bg-size:cover;--awb-width-large:50%;--awb-margin-top-large:0px;--awb-spacing-right-large:3.84%;--awb-margin-bottom-large:20px;--awb-spacing-left-large:3.84%;--awb-width-medium:50%;--awb-order-medium:0;--awb-spacing-right-medium:3.84%;--awb-spacing-left-medium:3.84%;--awb-width-small:100%;--awb-order-small:0;--awb-spacing-right-small:1.92%;--awb-spacing-left-small:1.92%;\"><div class=\"fusion-column-wrapper fusion-column-has-shadow fusion-flex-justify-content-flex-start fusion-content-layout-column\"><div class=\"fusion-title title fusion-title-4 fusion-sep-none fusion-title-text fusion-title-size-two\" style=\"--awb-text-color:var(--awb-color5);--awb-font-size:27px;\"><h2 class=\"fusion-title-heading title-heading-left\" style=\"margin:0;font-size:1em;\"><h2>Com \u00e9s una sessi\u00f3 de psicoter\u00e0pia d\u2019elaboraci\u00f3 de dols en Espai Psicol\u00f2gic?<\/h2><\/h2><\/div><div class=\"fusion-text fusion-text-4\" style=\"--awb-font-size:17.6px;\"><p><span style=\"font-weight: 400;\">En Espai Psicol\u00f2gic, una sessi\u00f3 de psicoter\u00e0pia d\u2019elaboraci\u00f3 de dols est\u00e0 dissenyada per a brindar-te un espai segur i confidencial on puguis expressar les teves emocions i processar la teva p\u00e8rdua de manera saludable. Els nostres terapeutes especialitzats en dol t\u2019ofereixen un enfocament personalitzat i emp\u00e0tic, adaptat a les teves necessitats individuals.<\/span><\/p>\n<p><span style=\"font-weight: 400;\">Durant la sessi\u00f3, t\u2019escoltarem atentament, et proporcionarem suport emocional i et guiarem en l\u2019exploraci\u00f3 dels teus sentiments i pensaments relacionats amb la p\u00e8rdua. Utilitzem t\u00e8cniques terap\u00e8utiques basades en l\u2019evid\u00e8ncia per a ajudar-te a comprendre el dol, a enfrontar els desafiaments emocionals i a trobar un nou significat a la vida.<\/span><\/p>\n<p><span style=\"font-weight: 400;\">A m\u00e9s, et brindarem eines pr\u00e0ctiques i estrat\u00e8gies d\u2019afrontament perqu\u00e8 puguis avan\u00e7ar cap a l\u2019acceptaci\u00f3 i la reconstrucci\u00f3 de la teva vida. El nostre objectiu \u00e9s acompanyar-te en el teu proc\u00e9s de sanaci\u00f3, promovent el teu benestar emocional i donant-te suport en el teu cam\u00ed cap a la pau interior i la resili\u00e8ncia.<\/span><\/p>\n<p><span style=\"font-weight: 400;\">Contacta amb Espai Psicol\u00f2gic i comen\u00e7a el teu proc\u00e9s d\u2019elaboraci\u00f3 de dols avui mateix.<\/span><\/p>\n<\/div><div ><a class=\"fusion-button button-flat fusion-button-default-size button-default fusion-button-default button-2 fusion-button-default-span fusion-button-default-type\" target=\"_self\" href=\"https:\/\/psicoterapeutabarcelona.es\/contacto\/\"><span class=\"fusion-button-text\">Contacte<\/span><\/a><\/div><\/div><\/div><div class=\"fusion-layout-column fusion_builder_column fusion-builder-column-6 fusion_builder_column_1_2 1_2 fusion-flex-column fusion-flex-align-self-stretch\" style=\"--awb-bg-image:url(&#039;https:\/\/psicoterapeutabarcelona.es\/wp-content\/uploads\/2023\/05\/pexels-alex-green-5700162-scaled.jpg&#039;);--awb-bg-position:center center;--awb-bg-size:cover;--awb-width-large:50%;--awb-margin-top-large:0px;--awb-spacing-right-large:3.84%;--awb-margin-bottom-large:20px;--awb-spacing-left-large:3.84%;--awb-width-medium:50%;--awb-order-medium:0;--awb-spacing-right-medium:3.84%;--awb-spacing-left-medium:3.84%;--awb-width-small:100%;--awb-order-small:0;--awb-spacing-right-small:1.92%;--awb-spacing-left-small:1.92%;\"><div class=\"fusion-column-wrapper fusion-column-has-shadow fusion-flex-justify-content-center fusion-content-layout-column fusion-empty-column-bg-image fusion-column-has-bg-image\" data-bg-url=\"https:\/\/psicoterapeutabarcelona.es\/wp-content\/uploads\/2023\/05\/pexels-alex-green-5700162-scaled.jpg\"><img decoding=\"async\" class=\"fusion-empty-dims-img-placeholder\" src=\"data:image\/svg+xml,%3Csvg%20xmlns%3D%27http%3A%2F%2Fwww.w3.org%2F2000%2Fsvg%27%20width%3D%271707%27%20height%3D%272560%27%20viewBox%3D%270%200%201707%202560%27%3E%3Crect%20width%3D%271707%27%20height%3D%272560%27%20fill-opacity%3D%220%22%2F%3E%3C%2Fsvg%3E\"><\/div><\/div><\/div><\/div><\/p>\n","protected":false},"excerpt":{"rendered":"","protected":false},"author":1,"featured_media":0,"parent":0,"menu_order":0,"comment_status":"closed","ping_status":"closed","template":"100-width.php","meta":{"footnotes":""},"class_list":["post-18137","page","type-page","status-publish","hentry"],"yoast_head":"<!-- This site is optimized with the Yoast SEO plugin v27.6 - https:\/\/yoast.com\/product\/yoast-seo-wordpress\/ -->\n<title>Psic\u00f3logo adolescentes Barcelona. Soluciones efectivas<\/title>\n<meta name=\"description\" content=\"Psic\u00f3logo adolescentes Barcelona. Como terapeuta especialista puedo ayudar a los j\u00f3venes a desarrollar habilidades y estrategias para la vida\" \/>\n<meta name=\"robots\" content=\"index, follow, max-snippet:-1, max-image-preview:large, max-video-preview:-1\" \/>\n<link rel=\"canonical\" href=\"https:\/\/psicoterapeutabarcelona.es\/ca\/elaboracion-de-duelos\/\" \/>\n<meta property=\"og:locale\" content=\"ca_ES\" \/>\n<meta property=\"og:type\" content=\"article\" \/>\n<meta property=\"og:title\" content=\"Psic\u00f3logo adolescentes Barcelona. Soluciones efectivas\" \/>\n<meta property=\"og:description\" content=\"Psic\u00f3logo adolescentes Barcelona. Como terapeuta especialista puedo ayudar a los j\u00f3venes a desarrollar habilidades y estrategias para la vida\" \/>\n<meta property=\"og:url\" content=\"https:\/\/psicoterapeutabarcelona.es\/ca\/elaboracion-de-duelos\/\" \/>\n<meta property=\"og:site_name\" content=\"Psicoterapeuta Barcelona\" \/>\n<meta property=\"article:modified_time\" content=\"2024-04-04T10:23:09+00:00\" \/>\n<meta name=\"twitter:card\" content=\"summary_large_image\" \/>\n<meta name=\"twitter:label1\" content=\"Temps estimat de lectura\" \/>\n\t<meta name=\"twitter:data1\" content=\"12 minuts\" \/>\n<script type=\"application\/ld+json\" class=\"yoast-schema-graph\">{\"@context\":\"https:\\\/\\\/schema.org\",\"@graph\":[{\"@type\":\"WebPage\",\"@id\":\"https:\\\/\\\/psicoterapeutabarcelona.es\\\/ca\\\/elaboracion-de-duelos\\\/\",\"url\":\"https:\\\/\\\/psicoterapeutabarcelona.es\\\/ca\\\/elaboracion-de-duelos\\\/\",\"name\":\"Psic\u00f3logo adolescentes Barcelona. Soluciones efectivas\",\"isPartOf\":{\"@id\":\"https:\\\/\\\/psicoterapeutabarcelona.es\\\/ca\\\/#website\"},\"datePublished\":\"2023-07-12T16:12:41+00:00\",\"dateModified\":\"2024-04-04T10:23:09+00:00\",\"description\":\"Psic\u00f3logo adolescentes Barcelona. Como terapeuta especialista puedo ayudar a los j\u00f3venes a desarrollar habilidades y estrategias para la vida\",\"breadcrumb\":{\"@id\":\"https:\\\/\\\/psicoterapeutabarcelona.es\\\/ca\\\/elaboracion-de-duelos\\\/#breadcrumb\"},\"inLanguage\":\"ca\",\"potentialAction\":[{\"@type\":\"ReadAction\",\"target\":[\"https:\\\/\\\/psicoterapeutabarcelona.es\\\/ca\\\/elaboracion-de-duelos\\\/\"]}]},{\"@type\":\"BreadcrumbList\",\"@id\":\"https:\\\/\\\/psicoterapeutabarcelona.es\\\/ca\\\/elaboracion-de-duelos\\\/#breadcrumb\",\"itemListElement\":[{\"@type\":\"ListItem\",\"position\":1,\"name\":\"Portada\",\"item\":\"https:\\\/\\\/psicoterapeutabarcelona.es\\\/ca\\\/\"},{\"@type\":\"ListItem\",\"position\":2,\"name\":\"Elaboraci\u00f3n de duelos\"}]},{\"@type\":\"WebSite\",\"@id\":\"https:\\\/\\\/psicoterapeutabarcelona.es\\\/ca\\\/#website\",\"url\":\"https:\\\/\\\/psicoterapeutabarcelona.es\\\/ca\\\/\",\"name\":\"Psicoterapeuta Barcelona\",\"description\":\"Centro psicoterapia y psicolog\u00eda adultos en Barcelona\",\"potentialAction\":[{\"@type\":\"SearchAction\",\"target\":{\"@type\":\"EntryPoint\",\"urlTemplate\":\"https:\\\/\\\/psicoterapeutabarcelona.es\\\/ca\\\/?s={search_term_string}\"},\"query-input\":{\"@type\":\"PropertyValueSpecification\",\"valueRequired\":true,\"valueName\":\"search_term_string\"}}],\"inLanguage\":\"ca\"},{\"@type\":\"ImageObject\",\"inLanguage\":\"ca\",\"@id\":\"https:\\\/\\\/psicoterapeutabarcelona.es\\\/ca\\\/elaboracion-de-duelos\\\/#local-main-organization-logo\",\"url\":\"\",\"contentUrl\":\"\",\"caption\":\"Psicoterapeuta Barcelona\"}]}<\/script>\n<meta name=\"geo.placename\" content=\"Barcelona\" \/>\n<meta name=\"geo.position\" content=\"41.38462624273252;2.160381954222568\" \/>\n<meta name=\"geo.region\" content=\"Espanya\" \/>\n<!-- \/ Yoast SEO plugin. -->","yoast_head_json":{"title":"Psic\u00f3logo adolescentes Barcelona. Soluciones efectivas","description":"Psic\u00f3logo adolescentes Barcelona. Como terapeuta especialista puedo ayudar a los j\u00f3venes a desarrollar habilidades y estrategias para la vida","robots":{"index":"index","follow":"follow","max-snippet":"max-snippet:-1","max-image-preview":"max-image-preview:large","max-video-preview":"max-video-preview:-1"},"canonical":"https:\/\/psicoterapeutabarcelona.es\/ca\/elaboracion-de-duelos\/","og_locale":"ca_ES","og_type":"article","og_title":"Psic\u00f3logo adolescentes Barcelona. Soluciones efectivas","og_description":"Psic\u00f3logo adolescentes Barcelona. Como terapeuta especialista puedo ayudar a los j\u00f3venes a desarrollar habilidades y estrategias para la vida","og_url":"https:\/\/psicoterapeutabarcelona.es\/ca\/elaboracion-de-duelos\/","og_site_name":"Psicoterapeuta Barcelona","article_modified_time":"2024-04-04T10:23:09+00:00","twitter_card":"summary_large_image","twitter_misc":{"Temps estimat de lectura":"12 minuts"},"schema":{"@context":"https:\/\/schema.org","@graph":[{"@type":"WebPage","@id":"https:\/\/psicoterapeutabarcelona.es\/ca\/elaboracion-de-duelos\/","url":"https:\/\/psicoterapeutabarcelona.es\/ca\/elaboracion-de-duelos\/","name":"Psic\u00f3logo adolescentes Barcelona. Soluciones efectivas","isPartOf":{"@id":"https:\/\/psicoterapeutabarcelona.es\/ca\/#website"},"datePublished":"2023-07-12T16:12:41+00:00","dateModified":"2024-04-04T10:23:09+00:00","description":"Psic\u00f3logo adolescentes Barcelona. Como terapeuta especialista puedo ayudar a los j\u00f3venes a desarrollar habilidades y estrategias para la vida","breadcrumb":{"@id":"https:\/\/psicoterapeutabarcelona.es\/ca\/elaboracion-de-duelos\/#breadcrumb"},"inLanguage":"ca","potentialAction":[{"@type":"ReadAction","target":["https:\/\/psicoterapeutabarcelona.es\/ca\/elaboracion-de-duelos\/"]}]},{"@type":"BreadcrumbList","@id":"https:\/\/psicoterapeutabarcelona.es\/ca\/elaboracion-de-duelos\/#breadcrumb","itemListElement":[{"@type":"ListItem","position":1,"name":"Portada","item":"https:\/\/psicoterapeutabarcelona.es\/ca\/"},{"@type":"ListItem","position":2,"name":"Elaboraci\u00f3n de duelos"}]},{"@type":"WebSite","@id":"https:\/\/psicoterapeutabarcelona.es\/ca\/#website","url":"https:\/\/psicoterapeutabarcelona.es\/ca\/","name":"Psicoterapeuta Barcelona","description":"Centro psicoterapia y psicolog\u00eda adultos en Barcelona","potentialAction":[{"@type":"SearchAction","target":{"@type":"EntryPoint","urlTemplate":"https:\/\/psicoterapeutabarcelona.es\/ca\/?s={search_term_string}"},"query-input":{"@type":"PropertyValueSpecification","valueRequired":true,"valueName":"search_term_string"}}],"inLanguage":"ca"},{"@type":"ImageObject","inLanguage":"ca","@id":"https:\/\/psicoterapeutabarcelona.es\/ca\/elaboracion-de-duelos\/#local-main-organization-logo","url":"","contentUrl":"","caption":"Psicoterapeuta Barcelona"}]},"geo.placename":"Barcelona","geo.position":{"lat":"41.38462624273252","long":"2.160381954222568"},"geo.region":"Espanya"},"_links":{"self":[{"href":"https:\/\/psicoterapeutabarcelona.es\/ca\/wp-json\/wp\/v2\/pages\/18137","targetHints":{"allow":["GET"]}}],"collection":[{"href":"https:\/\/psicoterapeutabarcelona.es\/ca\/wp-json\/wp\/v2\/pages"}],"about":[{"href":"https:\/\/psicoterapeutabarcelona.es\/ca\/wp-json\/wp\/v2\/types\/page"}],"author":[{"embeddable":true,"href":"https:\/\/psicoterapeutabarcelona.es\/ca\/wp-json\/wp\/v2\/users\/1"}],"replies":[{"embeddable":true,"href":"https:\/\/psicoterapeutabarcelona.es\/ca\/wp-json\/wp\/v2\/comments?post=18137"}],"version-history":[{"count":0,"href":"https:\/\/psicoterapeutabarcelona.es\/ca\/wp-json\/wp\/v2\/pages\/18137\/revisions"}],"wp:attachment":[{"href":"https:\/\/psicoterapeutabarcelona.es\/ca\/wp-json\/wp\/v2\/media?parent=18137"}],"curies":[{"name":"wp","href":"https:\/\/api.w.org\/{rel}","templated":true}]}}